{"id":3719,"date":"2020-08-21T17:20:48","date_gmt":"2020-08-21T16:20:48","guid":{"rendered":"https:\/\/flaxton-meadows.local\/indkvartering\/"},"modified":"2020-08-21T17:20:48","modified_gmt":"2020-08-21T16:20:48","slug":"indkvartering","status":"publish","type":"page","link":"https:\/\/flaxtonmeadows.co.uk\/da\/indkvartering\/","title":{"rendered":"Indkvartering"},"content":{"rendered":"","protected":false},"excerpt":{"rendered":"","protected":false},"author":1,"featured_media":0,"parent":0,"menu_order":0,"comment_status":"closed","ping_status":"closed","template":"","meta":{"_acf_changed":false,"footnotes":""},"class_list":["post-3719","page","type-page","status-publish","hentry"],"acf":[],"yoast_head":"<!-- This site is optimized with the Yoast SEO plugin v26.5 - https:\/\/yoast.com\/wordpress\/plugins\/seo\/ -->\n<title>\u00d8ko-camping, udflugter og bj\u00e6lkehytter York | Flaxton Meadows<\/title>\n<meta name=\"description\" content=\"Flaxton Meadows tilbyder milj\u00f8venlig feriebolig. Se vores camping- og turpladser og luksuri\u00f8se bj\u00e6lkehytter i York i dag.\" \/>\n<meta name=\"robots\" content=\"index, follow, max-snippet:-1, max-image-preview:large, max-video-preview:-1\" \/>\n<link rel=\"canonical\" href=\"https:\/\/flaxtonmeadows.co.uk\/da\/indkvartering\/\" \/>\n<meta property=\"og:locale\" content=\"da_DK\" \/>\n<meta property=\"og:type\" content=\"article\" \/>\n<meta property=\"og:title\" content=\"\u00d8ko-camping, udflugter og bj\u00e6lkehytter York | Flaxton Meadows\" \/>\n<meta property=\"og:description\" content=\"Flaxton Meadows tilbyder milj\u00f8venlig feriebolig. Se vores camping- og turpladser og luksuri\u00f8se bj\u00e6lkehytter i York i dag.\" \/>\n<meta property=\"og:url\" content=\"https:\/\/flaxtonmeadows.co.uk\/da\/indkvartering\/\" \/>\n<meta property=\"og:site_name\" content=\"Flaxton Meadows\" \/>\n<meta property=\"article:publisher\" content=\"https:\/\/www.facebook.com\/campingyork\" \/>\n<meta property=\"og:image\" content=\"https:\/\/flaxtonmeadows.co.uk\/wp-content\/uploads\/2020\/08\/flaxton-meadows-lodges2.jpg\" \/>\n\t<meta property=\"og:image:width\" content=\"960\" \/>\n\t<meta property=\"og:image:height\" content=\"489\" \/>\n\t<meta property=\"og:image:type\" content=\"image\/jpeg\" \/>\n<meta name=\"twitter:card\" content=\"summary_large_image\" \/>\n<!-- \/ Yoast SEO plugin. -->","yoast_head_json":{"title":"\u00d8ko-camping, udflugter og bj\u00e6lkehytter York | Flaxton Meadows","description":"Flaxton Meadows tilbyder milj\u00f8venlig feriebolig. Se vores camping- og turpladser og luksuri\u00f8se bj\u00e6lkehytter i York i dag.","robots":{"index":"index","follow":"follow","max-snippet":"max-snippet:-1","max-image-preview":"max-image-preview:large","max-video-preview":"max-video-preview:-1"},"canonical":"https:\/\/flaxtonmeadows.co.uk\/da\/indkvartering\/","og_locale":"da_DK","og_type":"article","og_title":"\u00d8ko-camping, udflugter og bj\u00e6lkehytter York | Flaxton Meadows","og_description":"Flaxton Meadows tilbyder milj\u00f8venlig feriebolig. Se vores camping- og turpladser og luksuri\u00f8se bj\u00e6lkehytter i York i dag.","og_url":"https:\/\/flaxtonmeadows.co.uk\/da\/indkvartering\/","og_site_name":"Flaxton Meadows","article_publisher":"https:\/\/www.facebook.com\/campingyork","og_image":[{"width":960,"height":489,"url":"https:\/\/flaxtonmeadows.co.uk\/wp-content\/uploads\/2020\/08\/flaxton-meadows-lodges2.jpg","type":"image\/jpeg"}],"twitter_card":"summary_large_image","schema":{"@context":"https:\/\/schema.org","@graph":[{"@type":"WebPage","@id":"https:\/\/flaxtonmeadows.co.uk\/da\/indkvartering\/","url":"https:\/\/flaxtonmeadows.co.uk\/da\/indkvartering\/","name":"\u00d8ko-camping, udflugter og bj\u00e6lkehytter York | Flaxton Meadows","isPartOf":{"@id":"https:\/\/flaxtonmeadows.co.uk\/da\/#website"},"datePublished":"2020-08-21T16:20:48+00:00","description":"Flaxton Meadows tilbyder milj\u00f8venlig feriebolig. Se vores camping- og turpladser og luksuri\u00f8se bj\u00e6lkehytter i York i dag.","breadcrumb":{"@id":"https:\/\/flaxtonmeadows.co.uk\/da\/indkvartering\/#breadcrumb"},"inLanguage":"da-DK","potentialAction":[{"@type":"ReadAction","target":["https:\/\/flaxtonmeadows.co.uk\/da\/indkvartering\/"]}]},{"@type":"BreadcrumbList","@id":"https:\/\/flaxtonmeadows.co.uk\/da\/indkvartering\/#breadcrumb","itemListElement":[{"@type":"ListItem","position":1,"name":"Home","item":"https:\/\/flaxtonmeadows.co.uk\/da\/"},{"@type":"ListItem","position":2,"name":"Indkvartering"}]},{"@type":"WebSite","@id":"https:\/\/flaxtonmeadows.co.uk\/da\/#website","url":"https:\/\/flaxtonmeadows.co.uk\/da\/","name":"Flaxton Meadows","description":"","publisher":{"@id":"https:\/\/flaxtonmeadows.co.uk\/da\/#organization"},"potentialAction":[{"@type":"SearchAction","target":{"@type":"EntryPoint","urlTemplate":"https:\/\/flaxtonmeadows.co.uk\/da\/?s={search_term_string}"},"query-input":{"@type":"PropertyValueSpecification","valueRequired":true,"valueName":"search_term_string"}}],"inLanguage":"da-DK"},{"@type":"Organization","@id":"https:\/\/flaxtonmeadows.co.uk\/da\/#organization","name":"Flaxton Meadows","url":"https:\/\/flaxtonmeadows.co.uk\/da\/","logo":{"@type":"ImageObject","inLanguage":"da-DK","@id":"https:\/\/flaxtonmeadows.co.uk\/da\/#\/schema\/logo\/image\/","url":"https:\/\/flaxtonmeadows.co.uk\/wp-content\/uploads\/2020\/08\/flaxton-meadows-logo.png","contentUrl":"https:\/\/flaxtonmeadows.co.uk\/wp-content\/uploads\/2020\/08\/flaxton-meadows-logo.png","width":200,"height":265,"caption":"Flaxton Meadows"},"image":{"@id":"https:\/\/flaxtonmeadows.co.uk\/da\/#\/schema\/logo\/image\/"},"sameAs":["https:\/\/www.facebook.com\/campingyork"]}]}},"_links":{"self":[{"href":"https:\/\/flaxtonmeadows.co.uk\/da\/wp-json\/wp\/v2\/pages\/3719","targetHints":{"allow":["GET"]}}],"collection":[{"href":"https:\/\/flaxtonmeadows.co.uk\/da\/wp-json\/wp\/v2\/pages"}],"about":[{"href":"https:\/\/flaxtonmeadows.co.uk\/da\/wp-json\/wp\/v2\/types\/page"}],"author":[{"embeddable":true,"href":"https:\/\/flaxtonmeadows.co.uk\/da\/wp-json\/wp\/v2\/users\/1"}],"replies":[{"embeddable":true,"href":"https:\/\/flaxtonmeadows.co.uk\/da\/wp-json\/wp\/v2\/comments?post=3719"}],"version-history":[{"count":0,"href":"https:\/\/flaxtonmeadows.co.uk\/da\/wp-json\/wp\/v2\/pages\/3719\/revisions"}],"wp:attachment":[{"href":"https:\/\/flaxtonmeadows.co.uk\/da\/wp-json\/wp\/v2\/media?parent=3719"}],"curies":[{"name":"wp","href":"https:\/\/api.w.org\/{rel}","templated":true}]}}