{"id":1233,"date":"2020-08-04T12:22:01","date_gmt":"2020-08-04T11:22:01","guid":{"rendered":"https:\/\/flaxton-meadows.local\/heim\/"},"modified":"2023-01-31T14:43:43","modified_gmt":"2023-01-31T14:43:43","slug":"heim","status":"publish","type":"page","link":"https:\/\/flaxtonmeadows.co.uk\/de\/","title":{"rendered":"Heim"},"content":{"rendered":"","protected":false},"excerpt":{"rendered":"","protected":false},"author":1,"featured_media":0,"parent":0,"menu_order":0,"comment_status":"closed","ping_status":"closed","template":"page-home.php","meta":{"_acf_changed":false,"footnotes":""},"class_list":["post-1233","page","type-page","status-publish","hentry"],"acf":[],"yoast_head":"<!-- This site is optimized with the Yoast SEO plugin v26.5 - https:\/\/yoast.com\/wordpress\/plugins\/seo\/ -->\n<title>\u00d6ko-Camping, Touring-Stellpl\u00e4tze und Hot Tub Lodges in York<\/title>\n<meta name=\"description\" content=\"Der \u00d6ko-Campingplatz Flaxton Meadows bietet luxuri\u00f6se Lodges mit Whirlpool, Naturcamping und Stellpl\u00e4tze f\u00fcr Reisewohnwagen in York.\" \/>\n<meta name=\"robots\" content=\"index, follow, max-snippet:-1, max-image-preview:large, max-video-preview:-1\" \/>\n<link rel=\"canonical\" href=\"https:\/\/flaxtonmeadows.co.uk\/de\/\" \/>\n<meta property=\"og:locale\" content=\"de_DE\" \/>\n<meta property=\"og:type\" content=\"article\" \/>\n<meta property=\"og:title\" content=\"\u00d6ko-Camping, Touring-Stellpl\u00e4tze und Hot Tub Lodges in York\" \/>\n<meta property=\"og:description\" content=\"Der \u00d6ko-Campingplatz Flaxton Meadows bietet luxuri\u00f6se Lodges mit Whirlpool, Naturcamping und Stellpl\u00e4tze f\u00fcr Reisewohnwagen in York.\" \/>\n<meta property=\"og:url\" content=\"https:\/\/flaxtonmeadows.co.uk\/de\/\" \/>\n<meta property=\"og:site_name\" content=\"Flaxton Meadows\" \/>\n<meta property=\"article:publisher\" content=\"https:\/\/www.facebook.com\/campingyork\" \/>\n<meta property=\"article:modified_time\" content=\"2023-01-31T14:43:43+00:00\" \/>\n<meta property=\"og:image\" content=\"https:\/\/flaxtonmeadows.co.uk\/wp-content\/uploads\/2020\/08\/flaxton-meadows-lodges2.jpg\" \/>\n\t<meta property=\"og:image:width\" content=\"960\" \/>\n\t<meta property=\"og:image:height\" content=\"489\" \/>\n\t<meta property=\"og:image:type\" content=\"image\/jpeg\" \/>\n<meta name=\"twitter:card\" content=\"summary_large_image\" \/>\n<!-- \/ Yoast SEO plugin. -->","yoast_head_json":{"title":"\u00d6ko-Camping, Touring-Stellpl\u00e4tze und Hot Tub Lodges in York","description":"Der \u00d6ko-Campingplatz Flaxton Meadows bietet luxuri\u00f6se Lodges mit Whirlpool, Naturcamping und Stellpl\u00e4tze f\u00fcr Reisewohnwagen in York.","robots":{"index":"index","follow":"follow","max-snippet":"max-snippet:-1","max-image-preview":"max-image-preview:large","max-video-preview":"max-video-preview:-1"},"canonical":"https:\/\/flaxtonmeadows.co.uk\/de\/","og_locale":"de_DE","og_type":"article","og_title":"\u00d6ko-Camping, Touring-Stellpl\u00e4tze und Hot Tub Lodges in York","og_description":"Der \u00d6ko-Campingplatz Flaxton Meadows bietet luxuri\u00f6se Lodges mit Whirlpool, Naturcamping und Stellpl\u00e4tze f\u00fcr Reisewohnwagen in York.","og_url":"https:\/\/flaxtonmeadows.co.uk\/de\/","og_site_name":"Flaxton Meadows","article_publisher":"https:\/\/www.facebook.com\/campingyork","article_modified_time":"2023-01-31T14:43:43+00:00","og_image":[{"width":960,"height":489,"url":"https:\/\/flaxtonmeadows.co.uk\/wp-content\/uploads\/2020\/08\/flaxton-meadows-lodges2.jpg","type":"image\/jpeg"}],"twitter_card":"summary_large_image","schema":{"@context":"https:\/\/schema.org","@graph":[{"@type":"WebPage","@id":"https:\/\/flaxtonmeadows.co.uk\/de\/","url":"https:\/\/flaxtonmeadows.co.uk\/de\/","name":"\u00d6ko-Camping, Touring-Stellpl\u00e4tze und Hot Tub Lodges in York","isPartOf":{"@id":"https:\/\/flaxtonmeadows.co.uk\/de\/#website"},"datePublished":"2020-08-04T11:22:01+00:00","dateModified":"2023-01-31T14:43:43+00:00","description":"Der \u00d6ko-Campingplatz Flaxton Meadows bietet luxuri\u00f6se Lodges mit Whirlpool, Naturcamping und Stellpl\u00e4tze f\u00fcr Reisewohnwagen in York.","breadcrumb":{"@id":"https:\/\/flaxtonmeadows.co.uk\/de\/#breadcrumb"},"inLanguage":"de","potentialAction":[{"@type":"ReadAction","target":["https:\/\/flaxtonmeadows.co.uk\/de\/"]}]},{"@type":"BreadcrumbList","@id":"https:\/\/flaxtonmeadows.co.uk\/de\/#breadcrumb","itemListElement":[{"@type":"ListItem","position":1,"name":"Home","item":"https:\/\/flaxtonmeadows.co.uk\/de\/"},{"@type":"ListItem","position":2,"name":"Heim"}]},{"@type":"WebSite","@id":"https:\/\/flaxtonmeadows.co.uk\/de\/#website","url":"https:\/\/flaxtonmeadows.co.uk\/de\/","name":"Flaxton Meadows","description":"","publisher":{"@id":"https:\/\/flaxtonmeadows.co.uk\/de\/#organization"},"potentialAction":[{"@type":"SearchAction","target":{"@type":"EntryPoint","urlTemplate":"https:\/\/flaxtonmeadows.co.uk\/de\/?s={search_term_string}"},"query-input":{"@type":"PropertyValueSpecification","valueRequired":true,"valueName":"search_term_string"}}],"inLanguage":"de"},{"@type":"Organization","@id":"https:\/\/flaxtonmeadows.co.uk\/de\/#organization","name":"Flaxton Meadows","url":"https:\/\/flaxtonmeadows.co.uk\/de\/","logo":{"@type":"ImageObject","inLanguage":"de","@id":"https:\/\/flaxtonmeadows.co.uk\/de\/#\/schema\/logo\/image\/","url":"https:\/\/flaxtonmeadows.co.uk\/wp-content\/uploads\/2020\/08\/flaxton-meadows-logo.png","contentUrl":"https:\/\/flaxtonmeadows.co.uk\/wp-content\/uploads\/2020\/08\/flaxton-meadows-logo.png","width":200,"height":265,"caption":"Flaxton Meadows"},"image":{"@id":"https:\/\/flaxtonmeadows.co.uk\/de\/#\/schema\/logo\/image\/"},"sameAs":["https:\/\/www.facebook.com\/campingyork"]}]}},"_links":{"self":[{"href":"https:\/\/flaxtonmeadows.co.uk\/de\/wp-json\/wp\/v2\/pages\/1233","targetHints":{"allow":["GET"]}}],"collection":[{"href":"https:\/\/flaxtonmeadows.co.uk\/de\/wp-json\/wp\/v2\/pages"}],"about":[{"href":"https:\/\/flaxtonmeadows.co.uk\/de\/wp-json\/wp\/v2\/types\/page"}],"author":[{"embeddable":true,"href":"https:\/\/flaxtonmeadows.co.uk\/de\/wp-json\/wp\/v2\/users\/1"}],"replies":[{"embeddable":true,"href":"https:\/\/flaxtonmeadows.co.uk\/de\/wp-json\/wp\/v2\/comments?post=1233"}],"version-history":[{"count":0,"href":"https:\/\/flaxtonmeadows.co.uk\/de\/wp-json\/wp\/v2\/pages\/1233\/revisions"}],"wp:attachment":[{"href":"https:\/\/flaxtonmeadows.co.uk\/de\/wp-json\/wp\/v2\/media?parent=1233"}],"curies":[{"name":"wp","href":"https:\/\/api.w.org\/{rel}","templated":true}]}}