{"id":1812,"date":"2021-05-04T12:33:29","date_gmt":"2021-05-04T11:33:29","guid":{"rendered":"https:\/\/flaxton-meadows.local\/como-encontrarnos\/"},"modified":"2023-01-31T14:43:55","modified_gmt":"2023-01-31T14:43:55","slug":"como-encontrarnos","status":"publish","type":"page","link":"https:\/\/flaxtonmeadows.co.uk\/es\/como-encontrarnos\/","title":{"rendered":"C\u00f3mo encontrarnos"},"content":{"rendered":"","protected":false},"excerpt":{"rendered":"","protected":false},"author":1,"featured_media":0,"parent":0,"menu_order":0,"comment_status":"closed","ping_status":"closed","template":"","meta":{"_acf_changed":false,"footnotes":""},"class_list":["post-1812","page","type-page","status-publish","hentry"],"acf":[],"yoast_head":"<!-- This site is optimized with the Yoast SEO plugin v26.5 - https:\/\/yoast.com\/wordpress\/plugins\/seo\/ -->\n<title>Buscar Flaxton Meadows | Eco Camping and Hot Tub Lodges York<\/title>\n<meta name=\"description\" content=\"Lea nuestra gu\u00eda para encontrar el camping ecol\u00f3gico, caravana y alojamiento con jacuzzi Flaxton Meadows en York y empezar sus vacaciones sin estr\u00e9s.\" \/>\n<meta name=\"robots\" content=\"index, follow, max-snippet:-1, max-image-preview:large, max-video-preview:-1\" \/>\n<link rel=\"canonical\" href=\"https:\/\/flaxtonmeadows.co.uk\/es\/como-encontrarnos\/\" \/>\n<meta property=\"og:locale\" content=\"es_ES\" \/>\n<meta property=\"og:type\" content=\"article\" \/>\n<meta property=\"og:title\" content=\"Buscar Flaxton Meadows | Eco Camping and Hot Tub Lodges York\" \/>\n<meta property=\"og:description\" content=\"Lea nuestra gu\u00eda para encontrar el camping ecol\u00f3gico, caravana y alojamiento con jacuzzi Flaxton Meadows en York y empezar sus vacaciones sin estr\u00e9s.\" \/>\n<meta property=\"og:url\" content=\"https:\/\/flaxtonmeadows.co.uk\/es\/como-encontrarnos\/\" \/>\n<meta property=\"og:site_name\" content=\"Flaxton Meadows\" \/>\n<meta property=\"article:publisher\" content=\"https:\/\/www.facebook.com\/campingyork\" \/>\n<meta property=\"article:modified_time\" content=\"2023-01-31T14:43:55+00:00\" \/>\n<meta property=\"og:image\" content=\"https:\/\/flaxtonmeadows.co.uk\/wp-content\/uploads\/2020\/08\/flaxton-meadows-lodges2.jpg\" \/>\n\t<meta property=\"og:image:width\" content=\"960\" \/>\n\t<meta property=\"og:image:height\" content=\"489\" \/>\n\t<meta property=\"og:image:type\" content=\"image\/jpeg\" \/>\n<meta name=\"twitter:card\" content=\"summary_large_image\" \/>\n<!-- \/ Yoast SEO plugin. -->","yoast_head_json":{"title":"Buscar Flaxton Meadows | Eco Camping and Hot Tub Lodges York","description":"Lea nuestra gu\u00eda para encontrar el camping ecol\u00f3gico, caravana y alojamiento con jacuzzi Flaxton Meadows en York y empezar sus vacaciones sin estr\u00e9s.","robots":{"index":"index","follow":"follow","max-snippet":"max-snippet:-1","max-image-preview":"max-image-preview:large","max-video-preview":"max-video-preview:-1"},"canonical":"https:\/\/flaxtonmeadows.co.uk\/es\/como-encontrarnos\/","og_locale":"es_ES","og_type":"article","og_title":"Buscar Flaxton Meadows | Eco Camping and Hot Tub Lodges York","og_description":"Lea nuestra gu\u00eda para encontrar el camping ecol\u00f3gico, caravana y alojamiento con jacuzzi Flaxton Meadows en York y empezar sus vacaciones sin estr\u00e9s.","og_url":"https:\/\/flaxtonmeadows.co.uk\/es\/como-encontrarnos\/","og_site_name":"Flaxton Meadows","article_publisher":"https:\/\/www.facebook.com\/campingyork","article_modified_time":"2023-01-31T14:43:55+00:00","og_image":[{"width":960,"height":489,"url":"https:\/\/flaxtonmeadows.co.uk\/wp-content\/uploads\/2020\/08\/flaxton-meadows-lodges2.jpg","type":"image\/jpeg"}],"twitter_card":"summary_large_image","schema":{"@context":"https:\/\/schema.org","@graph":[{"@type":"WebPage","@id":"https:\/\/flaxtonmeadows.co.uk\/es\/como-encontrarnos\/","url":"https:\/\/flaxtonmeadows.co.uk\/es\/como-encontrarnos\/","name":"Buscar Flaxton Meadows | Eco Camping and Hot Tub Lodges York","isPartOf":{"@id":"https:\/\/flaxtonmeadows.co.uk\/es\/#website"},"datePublished":"2021-05-04T11:33:29+00:00","dateModified":"2023-01-31T14:43:55+00:00","description":"Lea nuestra gu\u00eda para encontrar el camping ecol\u00f3gico, caravana y alojamiento con jacuzzi Flaxton Meadows en York y empezar sus vacaciones sin estr\u00e9s.","breadcrumb":{"@id":"https:\/\/flaxtonmeadows.co.uk\/es\/como-encontrarnos\/#breadcrumb"},"inLanguage":"es","potentialAction":[{"@type":"ReadAction","target":["https:\/\/flaxtonmeadows.co.uk\/es\/como-encontrarnos\/"]}]},{"@type":"BreadcrumbList","@id":"https:\/\/flaxtonmeadows.co.uk\/es\/como-encontrarnos\/#breadcrumb","itemListElement":[{"@type":"ListItem","position":1,"name":"Home","item":"https:\/\/flaxtonmeadows.co.uk\/es\/"},{"@type":"ListItem","position":2,"name":"C\u00f3mo encontrarnos"}]},{"@type":"WebSite","@id":"https:\/\/flaxtonmeadows.co.uk\/es\/#website","url":"https:\/\/flaxtonmeadows.co.uk\/es\/","name":"Flaxton Meadows","description":"","publisher":{"@id":"https:\/\/flaxtonmeadows.co.uk\/es\/#organization"},"potentialAction":[{"@type":"SearchAction","target":{"@type":"EntryPoint","urlTemplate":"https:\/\/flaxtonmeadows.co.uk\/es\/?s={search_term_string}"},"query-input":{"@type":"PropertyValueSpecification","valueRequired":true,"valueName":"search_term_string"}}],"inLanguage":"es"},{"@type":"Organization","@id":"https:\/\/flaxtonmeadows.co.uk\/es\/#organization","name":"Flaxton Meadows","url":"https:\/\/flaxtonmeadows.co.uk\/es\/","logo":{"@type":"ImageObject","inLanguage":"es","@id":"https:\/\/flaxtonmeadows.co.uk\/es\/#\/schema\/logo\/image\/","url":"https:\/\/flaxtonmeadows.co.uk\/wp-content\/uploads\/2020\/08\/flaxton-meadows-logo.png","contentUrl":"https:\/\/flaxtonmeadows.co.uk\/wp-content\/uploads\/2020\/08\/flaxton-meadows-logo.png","width":200,"height":265,"caption":"Flaxton Meadows"},"image":{"@id":"https:\/\/flaxtonmeadows.co.uk\/es\/#\/schema\/logo\/image\/"},"sameAs":["https:\/\/www.facebook.com\/campingyork"]}]}},"_links":{"self":[{"href":"https:\/\/flaxtonmeadows.co.uk\/es\/wp-json\/wp\/v2\/pages\/1812","targetHints":{"allow":["GET"]}}],"collection":[{"href":"https:\/\/flaxtonmeadows.co.uk\/es\/wp-json\/wp\/v2\/pages"}],"about":[{"href":"https:\/\/flaxtonmeadows.co.uk\/es\/wp-json\/wp\/v2\/types\/page"}],"author":[{"embeddable":true,"href":"https:\/\/flaxtonmeadows.co.uk\/es\/wp-json\/wp\/v2\/users\/1"}],"replies":[{"embeddable":true,"href":"https:\/\/flaxtonmeadows.co.uk\/es\/wp-json\/wp\/v2\/comments?post=1812"}],"version-history":[{"count":0,"href":"https:\/\/flaxtonmeadows.co.uk\/es\/wp-json\/wp\/v2\/pages\/1812\/revisions"}],"wp:attachment":[{"href":"https:\/\/flaxtonmeadows.co.uk\/es\/wp-json\/wp\/v2\/media?parent=1812"}],"curies":[{"name":"wp","href":"https:\/\/api.w.org\/{rel}","templated":true}]}}