{"id":1186,"date":"2020-08-04T14:14:34","date_gmt":"2020-08-04T13:14:34","guid":{"rendered":"https:\/\/flaxton-meadows.local\/regles-et-directives-du-camping\/"},"modified":"2023-01-31T14:43:06","modified_gmt":"2023-01-31T14:43:06","slug":"regles-et-directives-du-camping","status":"publish","type":"page","link":"https:\/\/flaxtonmeadows.co.uk\/fr\/regles-et-directives-du-camping\/","title":{"rendered":"R\u00e8gles et directives du camping"},"content":{"rendered":"","protected":false},"excerpt":{"rendered":"","protected":false},"author":1,"featured_media":0,"parent":0,"menu_order":0,"comment_status":"closed","ping_status":"closed","template":"","meta":{"_acf_changed":false,"footnotes":""},"class_list":["post-1186","page","type-page","status-publish","hentry"],"acf":[],"yoast_head":"<!-- This site is optimized with the Yoast SEO plugin v26.5 - https:\/\/yoast.com\/wordpress\/plugins\/seo\/ -->\n<title>R\u00e8gles et directives pour les campings | Eco Camping &amp; Log Cabins York<\/title>\n<meta name=\"description\" content=\"Notre camping \u00e9cologique de York prend soin du monde naturel. Ces r\u00e8gles et directives relatives au camping permettent de garder les clients et la faune sauvage heureux sur le site.\" \/>\n<meta name=\"robots\" content=\"index, follow, max-snippet:-1, max-image-preview:large, max-video-preview:-1\" \/>\n<link rel=\"canonical\" href=\"https:\/\/flaxtonmeadows.co.uk\/fr\/regles-et-directives-du-camping\/\" \/>\n<meta property=\"og:locale\" content=\"fr_FR\" \/>\n<meta property=\"og:type\" content=\"article\" \/>\n<meta property=\"og:title\" content=\"R\u00e8gles et directives pour les campings | Eco Camping &amp; Log Cabins York\" \/>\n<meta property=\"og:description\" content=\"Notre camping \u00e9cologique de York prend soin du monde naturel. Ces r\u00e8gles et directives relatives au camping permettent de garder les clients et la faune sauvage heureux sur le site.\" \/>\n<meta property=\"og:url\" content=\"https:\/\/flaxtonmeadows.co.uk\/fr\/regles-et-directives-du-camping\/\" \/>\n<meta property=\"og:site_name\" content=\"Flaxton Meadows\" \/>\n<meta property=\"article:publisher\" content=\"https:\/\/www.facebook.com\/campingyork\" \/>\n<meta property=\"article:modified_time\" content=\"2023-01-31T14:43:06+00:00\" \/>\n<meta property=\"og:image\" content=\"https:\/\/flaxtonmeadows.co.uk\/wp-content\/uploads\/2020\/08\/flaxton-meadows-lodges2.jpg\" \/>\n\t<meta property=\"og:image:width\" content=\"960\" \/>\n\t<meta property=\"og:image:height\" content=\"489\" \/>\n\t<meta property=\"og:image:type\" content=\"image\/jpeg\" \/>\n<meta name=\"twitter:card\" content=\"summary_large_image\" \/>\n<!-- \/ Yoast SEO plugin. -->","yoast_head_json":{"title":"R\u00e8gles et directives pour les campings | Eco Camping & Log Cabins York","description":"Notre camping \u00e9cologique de York prend soin du monde naturel. Ces r\u00e8gles et directives relatives au camping permettent de garder les clients et la faune sauvage heureux sur le site.","robots":{"index":"index","follow":"follow","max-snippet":"max-snippet:-1","max-image-preview":"max-image-preview:large","max-video-preview":"max-video-preview:-1"},"canonical":"https:\/\/flaxtonmeadows.co.uk\/fr\/regles-et-directives-du-camping\/","og_locale":"fr_FR","og_type":"article","og_title":"R\u00e8gles et directives pour les campings | Eco Camping & Log Cabins York","og_description":"Notre camping \u00e9cologique de York prend soin du monde naturel. Ces r\u00e8gles et directives relatives au camping permettent de garder les clients et la faune sauvage heureux sur le site.","og_url":"https:\/\/flaxtonmeadows.co.uk\/fr\/regles-et-directives-du-camping\/","og_site_name":"Flaxton Meadows","article_publisher":"https:\/\/www.facebook.com\/campingyork","article_modified_time":"2023-01-31T14:43:06+00:00","og_image":[{"width":960,"height":489,"url":"https:\/\/flaxtonmeadows.co.uk\/wp-content\/uploads\/2020\/08\/flaxton-meadows-lodges2.jpg","type":"image\/jpeg"}],"twitter_card":"summary_large_image","schema":{"@context":"https:\/\/schema.org","@graph":[{"@type":"WebPage","@id":"https:\/\/flaxtonmeadows.co.uk\/fr\/regles-et-directives-du-camping\/","url":"https:\/\/flaxtonmeadows.co.uk\/fr\/regles-et-directives-du-camping\/","name":"R\u00e8gles et directives pour les campings | Eco Camping & Log Cabins York","isPartOf":{"@id":"https:\/\/flaxtonmeadows.co.uk\/fr\/#website"},"datePublished":"2020-08-04T13:14:34+00:00","dateModified":"2023-01-31T14:43:06+00:00","description":"Notre camping \u00e9cologique de York prend soin du monde naturel. Ces r\u00e8gles et directives relatives au camping permettent de garder les clients et la faune sauvage heureux sur le site.","breadcrumb":{"@id":"https:\/\/flaxtonmeadows.co.uk\/fr\/regles-et-directives-du-camping\/#breadcrumb"},"inLanguage":"fr-FR","potentialAction":[{"@type":"ReadAction","target":["https:\/\/flaxtonmeadows.co.uk\/fr\/regles-et-directives-du-camping\/"]}]},{"@type":"BreadcrumbList","@id":"https:\/\/flaxtonmeadows.co.uk\/fr\/regles-et-directives-du-camping\/#breadcrumb","itemListElement":[{"@type":"ListItem","position":1,"name":"Home","item":"https:\/\/flaxtonmeadows.co.uk\/fr\/"},{"@type":"ListItem","position":2,"name":"R\u00e8gles et directives du camping"}]},{"@type":"WebSite","@id":"https:\/\/flaxtonmeadows.co.uk\/fr\/#website","url":"https:\/\/flaxtonmeadows.co.uk\/fr\/","name":"Flaxton Meadows","description":"","publisher":{"@id":"https:\/\/flaxtonmeadows.co.uk\/fr\/#organization"},"potentialAction":[{"@type":"SearchAction","target":{"@type":"EntryPoint","urlTemplate":"https:\/\/flaxtonmeadows.co.uk\/fr\/?s={search_term_string}"},"query-input":{"@type":"PropertyValueSpecification","valueRequired":true,"valueName":"search_term_string"}}],"inLanguage":"fr-FR"},{"@type":"Organization","@id":"https:\/\/flaxtonmeadows.co.uk\/fr\/#organization","name":"Flaxton Meadows","url":"https:\/\/flaxtonmeadows.co.uk\/fr\/","logo":{"@type":"ImageObject","inLanguage":"fr-FR","@id":"https:\/\/flaxtonmeadows.co.uk\/fr\/#\/schema\/logo\/image\/","url":"https:\/\/flaxtonmeadows.co.uk\/wp-content\/uploads\/2020\/08\/flaxton-meadows-logo.png","contentUrl":"https:\/\/flaxtonmeadows.co.uk\/wp-content\/uploads\/2020\/08\/flaxton-meadows-logo.png","width":200,"height":265,"caption":"Flaxton Meadows"},"image":{"@id":"https:\/\/flaxtonmeadows.co.uk\/fr\/#\/schema\/logo\/image\/"},"sameAs":["https:\/\/www.facebook.com\/campingyork"]}]}},"_links":{"self":[{"href":"https:\/\/flaxtonmeadows.co.uk\/fr\/wp-json\/wp\/v2\/pages\/1186","targetHints":{"allow":["GET"]}}],"collection":[{"href":"https:\/\/flaxtonmeadows.co.uk\/fr\/wp-json\/wp\/v2\/pages"}],"about":[{"href":"https:\/\/flaxtonmeadows.co.uk\/fr\/wp-json\/wp\/v2\/types\/page"}],"author":[{"embeddable":true,"href":"https:\/\/flaxtonmeadows.co.uk\/fr\/wp-json\/wp\/v2\/users\/1"}],"replies":[{"embeddable":true,"href":"https:\/\/flaxtonmeadows.co.uk\/fr\/wp-json\/wp\/v2\/comments?post=1186"}],"version-history":[{"count":0,"href":"https:\/\/flaxtonmeadows.co.uk\/fr\/wp-json\/wp\/v2\/pages\/1186\/revisions"}],"wp:attachment":[{"href":"https:\/\/flaxtonmeadows.co.uk\/fr\/wp-json\/wp\/v2\/media?parent=1186"}],"curies":[{"name":"wp","href":"https:\/\/api.w.org\/{rel}","templated":true}]}}