{"id":1218,"date":"2020-08-04T12:22:55","date_gmt":"2020-08-04T11:22:55","guid":{"rendered":"https:\/\/flaxton-meadows.local\/?page_id=1218"},"modified":"2023-01-31T14:43:12","modified_gmt":"2023-01-31T14:43:12","slug":"capsules-de-glamping","status":"publish","type":"page","link":"https:\/\/flaxtonmeadows.co.uk\/fr\/hebergement\/capsules-de-glamping\/","title":{"rendered":"Capsules de glamping"},"content":{"rendered":"","protected":false},"excerpt":{"rendered":"","protected":false},"author":1,"featured_media":0,"parent":1172,"menu_order":0,"comment_status":"closed","ping_status":"closed","template":"","meta":{"_acf_changed":false,"footnotes":""},"class_list":["post-1218","page","type-page","status-publish","hentry"],"acf":[],"yoast_head":"<!-- This site is optimized with the Yoast SEO plugin v27.5 - https:\/\/yoast.com\/product\/yoast-seo-wordpress\/ -->\n<title>Capsules de glamping \u00e0 York | Eco Glamping \u00e0 Flaxton Meadows<\/title>\n<meta name=\"description\" content=\"Chacun de nos pods de glamping \u00e9cologique bas\u00e9s \u00e0 York est unique, enti\u00e8rement meubl\u00e9 et aliment\u00e9 par l&#039;\u00e9lectricit\u00e9 g\u00e9n\u00e9r\u00e9e par nos ressources naturelles sur place.\" \/>\n<meta name=\"robots\" content=\"index, follow, max-snippet:-1, max-image-preview:large, max-video-preview:-1\" \/>\n<link rel=\"canonical\" href=\"https:\/\/flaxtonmeadows.co.uk\/fr\/hebergement\/capsules-de-glamping\/\" \/>\n<meta property=\"og:locale\" content=\"fr_FR\" \/>\n<meta property=\"og:type\" content=\"article\" \/>\n<meta property=\"og:title\" content=\"Capsules de glamping \u00e0 York | Eco Glamping \u00e0 Flaxton Meadows\" \/>\n<meta property=\"og:description\" content=\"Chacun de nos pods de glamping \u00e9cologique bas\u00e9s \u00e0 York est unique, enti\u00e8rement meubl\u00e9 et aliment\u00e9 par l&#039;\u00e9lectricit\u00e9 g\u00e9n\u00e9r\u00e9e par nos ressources naturelles sur place.\" \/>\n<meta property=\"og:url\" content=\"https:\/\/flaxtonmeadows.co.uk\/fr\/hebergement\/capsules-de-glamping\/\" \/>\n<meta property=\"og:site_name\" content=\"Flaxton Meadows\" \/>\n<meta property=\"article:publisher\" content=\"https:\/\/www.facebook.com\/campingyork\" \/>\n<meta property=\"article:modified_time\" content=\"2023-01-31T14:43:12+00:00\" \/>\n<meta property=\"og:image\" content=\"https:\/\/flaxtonmeadows.co.uk\/wp-content\/uploads\/2020\/08\/flaxton-meadows-lodges2.jpg\" \/>\n\t<meta property=\"og:image:width\" content=\"960\" \/>\n\t<meta property=\"og:image:height\" content=\"489\" \/>\n\t<meta property=\"og:image:type\" content=\"image\/jpeg\" \/>\n<meta name=\"twitter:card\" content=\"summary_large_image\" \/>\n<!-- \/ Yoast SEO plugin. -->","yoast_head_json":{"title":"Capsules de glamping \u00e0 York | Eco Glamping \u00e0 Flaxton Meadows","description":"Chacun de nos pods de glamping \u00e9cologique bas\u00e9s \u00e0 York est unique, enti\u00e8rement meubl\u00e9 et aliment\u00e9 par l'\u00e9lectricit\u00e9 g\u00e9n\u00e9r\u00e9e par nos ressources naturelles sur place.","robots":{"index":"index","follow":"follow","max-snippet":"max-snippet:-1","max-image-preview":"max-image-preview:large","max-video-preview":"max-video-preview:-1"},"canonical":"https:\/\/flaxtonmeadows.co.uk\/fr\/hebergement\/capsules-de-glamping\/","og_locale":"fr_FR","og_type":"article","og_title":"Capsules de glamping \u00e0 York | Eco Glamping \u00e0 Flaxton Meadows","og_description":"Chacun de nos pods de glamping \u00e9cologique bas\u00e9s \u00e0 York est unique, enti\u00e8rement meubl\u00e9 et aliment\u00e9 par l'\u00e9lectricit\u00e9 g\u00e9n\u00e9r\u00e9e par nos ressources naturelles sur place.","og_url":"https:\/\/flaxtonmeadows.co.uk\/fr\/hebergement\/capsules-de-glamping\/","og_site_name":"Flaxton Meadows","article_publisher":"https:\/\/www.facebook.com\/campingyork","article_modified_time":"2023-01-31T14:43:12+00:00","og_image":[{"width":960,"height":489,"url":"https:\/\/flaxtonmeadows.co.uk\/wp-content\/uploads\/2020\/08\/flaxton-meadows-lodges2.jpg","type":"image\/jpeg"}],"twitter_card":"summary_large_image","schema":{"@context":"https:\/\/schema.org","@graph":[{"@type":"WebPage","@id":"https:\/\/flaxtonmeadows.co.uk\/fr\/hebergement\/capsules-de-glamping\/","url":"https:\/\/flaxtonmeadows.co.uk\/fr\/hebergement\/capsules-de-glamping\/","name":"Capsules de glamping \u00e0 York | Eco Glamping \u00e0 Flaxton Meadows","isPartOf":{"@id":"https:\/\/flaxtonmeadows.co.uk\/fr\/#website"},"datePublished":"2020-08-04T11:22:55+00:00","dateModified":"2023-01-31T14:43:12+00:00","description":"Chacun de nos pods de glamping \u00e9cologique bas\u00e9s \u00e0 York est unique, enti\u00e8rement meubl\u00e9 et aliment\u00e9 par l'\u00e9lectricit\u00e9 g\u00e9n\u00e9r\u00e9e par nos ressources naturelles sur place.","breadcrumb":{"@id":"https:\/\/flaxtonmeadows.co.uk\/fr\/hebergement\/capsules-de-glamping\/#breadcrumb"},"inLanguage":"fr-FR","potentialAction":[{"@type":"ReadAction","target":["https:\/\/flaxtonmeadows.co.uk\/fr\/hebergement\/capsules-de-glamping\/"]}]},{"@type":"BreadcrumbList","@id":"https:\/\/flaxtonmeadows.co.uk\/fr\/hebergement\/capsules-de-glamping\/#breadcrumb","itemListElement":[{"@type":"ListItem","position":1,"name":"Home","item":"https:\/\/flaxtonmeadows.co.uk\/fr\/"},{"@type":"ListItem","position":2,"name":"H\u00e9bergement","item":"https:\/\/flaxtonmeadows.co.uk\/fr\/hebergement\/"},{"@type":"ListItem","position":3,"name":"Capsules de glamping"}]},{"@type":"WebSite","@id":"https:\/\/flaxtonmeadows.co.uk\/fr\/#website","url":"https:\/\/flaxtonmeadows.co.uk\/fr\/","name":"Flaxton Meadows","description":"","publisher":{"@id":"https:\/\/flaxtonmeadows.co.uk\/fr\/#organization"},"potentialAction":[{"@type":"SearchAction","target":{"@type":"EntryPoint","urlTemplate":"https:\/\/flaxtonmeadows.co.uk\/fr\/?s={search_term_string}"},"query-input":{"@type":"PropertyValueSpecification","valueRequired":true,"valueName":"search_term_string"}}],"inLanguage":"fr-FR"},{"@type":"Organization","@id":"https:\/\/flaxtonmeadows.co.uk\/fr\/#organization","name":"Flaxton Meadows","url":"https:\/\/flaxtonmeadows.co.uk\/fr\/","logo":{"@type":"ImageObject","inLanguage":"fr-FR","@id":"https:\/\/flaxtonmeadows.co.uk\/fr\/#\/schema\/logo\/image\/","url":"https:\/\/flaxtonmeadows.co.uk\/wp-content\/uploads\/2020\/08\/flaxton-meadows-logo.png","contentUrl":"https:\/\/flaxtonmeadows.co.uk\/wp-content\/uploads\/2020\/08\/flaxton-meadows-logo.png","width":200,"height":265,"caption":"Flaxton Meadows"},"image":{"@id":"https:\/\/flaxtonmeadows.co.uk\/fr\/#\/schema\/logo\/image\/"},"sameAs":["https:\/\/www.facebook.com\/campingyork"]}]}},"_links":{"self":[{"href":"https:\/\/flaxtonmeadows.co.uk\/fr\/wp-json\/wp\/v2\/pages\/1218","targetHints":{"allow":["GET"]}}],"collection":[{"href":"https:\/\/flaxtonmeadows.co.uk\/fr\/wp-json\/wp\/v2\/pages"}],"about":[{"href":"https:\/\/flaxtonmeadows.co.uk\/fr\/wp-json\/wp\/v2\/types\/page"}],"author":[{"embeddable":true,"href":"https:\/\/flaxtonmeadows.co.uk\/fr\/wp-json\/wp\/v2\/users\/1"}],"replies":[{"embeddable":true,"href":"https:\/\/flaxtonmeadows.co.uk\/fr\/wp-json\/wp\/v2\/comments?post=1218"}],"version-history":[{"count":0,"href":"https:\/\/flaxtonmeadows.co.uk\/fr\/wp-json\/wp\/v2\/pages\/1218\/revisions"}],"up":[{"embeddable":true,"href":"https:\/\/flaxtonmeadows.co.uk\/fr\/wp-json\/wp\/v2\/pages\/1172"}],"wp:attachment":[{"href":"https:\/\/flaxtonmeadows.co.uk\/fr\/wp-json\/wp\/v2\/media?parent=1218"}],"curies":[{"name":"wp","href":"https:\/\/api.w.org\/{rel}","templated":true}]}}