{"id":1225,"date":"2020-08-04T12:22:21","date_gmt":"2020-08-04T11:22:21","guid":{"rendered":"https:\/\/flaxton-meadows.local\/ce-qui-nous-rend-ecolo\/"},"modified":"2023-01-30T23:13:41","modified_gmt":"2023-01-30T23:13:41","slug":"ce-qui-nous-rend-ecolo","status":"publish","type":"page","link":"https:\/\/flaxtonmeadows.co.uk\/fr\/ce-qui-nous-rend-ecolo\/","title":{"rendered":"Ce qui nous rend \u00e9colo"},"content":{"rendered":"","protected":false},"excerpt":{"rendered":"","protected":false},"author":1,"featured_media":0,"parent":0,"menu_order":0,"comment_status":"closed","ping_status":"closed","template":"","meta":{"_acf_changed":false,"footnotes":""},"class_list":["post-1225","page","type-page","status-publish","hentry"],"acf":[],"yoast_head":"<!-- This site is optimized with the Yoast SEO plugin v26.5 - https:\/\/yoast.com\/wordpress\/plugins\/seo\/ -->\n<title>Notre Eco Campsite York - Camping durable et cabanes avec jacuzzi<\/title>\n<meta name=\"description\" content=\"D\u00e9couvrez notre camping \u00e9cologique et voyez comment nous soutenons les vacances durables \u00e0 York. Nous proposons des emplacements de camping, des emplacements de tourisme et des cabines avec jacuzzi.\" \/>\n<meta name=\"robots\" content=\"index, follow, max-snippet:-1, max-image-preview:large, max-video-preview:-1\" \/>\n<link rel=\"canonical\" href=\"https:\/\/flaxtonmeadows.co.uk\/fr\/ce-qui-nous-rend-ecolo\/\" \/>\n<meta property=\"og:locale\" content=\"fr_FR\" \/>\n<meta property=\"og:type\" content=\"article\" \/>\n<meta property=\"og:title\" content=\"Notre Eco Campsite York - Camping durable et cabanes avec jacuzzi\" \/>\n<meta property=\"og:description\" content=\"D\u00e9couvrez notre camping \u00e9cologique et voyez comment nous soutenons les vacances durables \u00e0 York. Nous proposons des emplacements de camping, des emplacements de tourisme et des cabines avec jacuzzi.\" \/>\n<meta property=\"og:url\" content=\"https:\/\/flaxtonmeadows.co.uk\/fr\/ce-qui-nous-rend-ecolo\/\" \/>\n<meta property=\"og:site_name\" content=\"Flaxton Meadows\" \/>\n<meta property=\"article:publisher\" content=\"https:\/\/www.facebook.com\/campingyork\" \/>\n<meta property=\"article:modified_time\" content=\"2023-01-30T23:13:41+00:00\" \/>\n<meta property=\"og:image\" content=\"https:\/\/flaxtonmeadows.co.uk\/wp-content\/uploads\/2020\/08\/flaxton-meadows.jpg\" \/>\n<meta name=\"twitter:card\" content=\"summary_large_image\" \/>\n<!-- \/ Yoast SEO plugin. -->","yoast_head_json":{"title":"Notre Eco Campsite York - Camping durable et cabanes avec jacuzzi","description":"D\u00e9couvrez notre camping \u00e9cologique et voyez comment nous soutenons les vacances durables \u00e0 York. Nous proposons des emplacements de camping, des emplacements de tourisme et des cabines avec jacuzzi.","robots":{"index":"index","follow":"follow","max-snippet":"max-snippet:-1","max-image-preview":"max-image-preview:large","max-video-preview":"max-video-preview:-1"},"canonical":"https:\/\/flaxtonmeadows.co.uk\/fr\/ce-qui-nous-rend-ecolo\/","og_locale":"fr_FR","og_type":"article","og_title":"Notre Eco Campsite York - Camping durable et cabanes avec jacuzzi","og_description":"D\u00e9couvrez notre camping \u00e9cologique et voyez comment nous soutenons les vacances durables \u00e0 York. Nous proposons des emplacements de camping, des emplacements de tourisme et des cabines avec jacuzzi.","og_url":"https:\/\/flaxtonmeadows.co.uk\/fr\/ce-qui-nous-rend-ecolo\/","og_site_name":"Flaxton Meadows","article_publisher":"https:\/\/www.facebook.com\/campingyork","article_modified_time":"2023-01-30T23:13:41+00:00","og_image":[{"url":"https:\/\/flaxtonmeadows.co.uk\/wp-content\/uploads\/2020\/08\/flaxton-meadows.jpg","type":"","width":"","height":""}],"twitter_card":"summary_large_image","schema":{"@context":"https:\/\/schema.org","@graph":[{"@type":"WebPage","@id":"https:\/\/flaxtonmeadows.co.uk\/fr\/ce-qui-nous-rend-ecolo\/","url":"https:\/\/flaxtonmeadows.co.uk\/fr\/ce-qui-nous-rend-ecolo\/","name":"Notre Eco Campsite York - Camping durable et cabanes avec jacuzzi","isPartOf":{"@id":"https:\/\/flaxtonmeadows.co.uk\/fr\/#website"},"datePublished":"2020-08-04T11:22:21+00:00","dateModified":"2023-01-30T23:13:41+00:00","description":"D\u00e9couvrez notre camping \u00e9cologique et voyez comment nous soutenons les vacances durables \u00e0 York. Nous proposons des emplacements de camping, des emplacements de tourisme et des cabines avec jacuzzi.","breadcrumb":{"@id":"https:\/\/flaxtonmeadows.co.uk\/fr\/ce-qui-nous-rend-ecolo\/#breadcrumb"},"inLanguage":"fr-FR","potentialAction":[{"@type":"ReadAction","target":["https:\/\/flaxtonmeadows.co.uk\/fr\/ce-qui-nous-rend-ecolo\/"]}]},{"@type":"BreadcrumbList","@id":"https:\/\/flaxtonmeadows.co.uk\/fr\/ce-qui-nous-rend-ecolo\/#breadcrumb","itemListElement":[{"@type":"ListItem","position":1,"name":"Home","item":"https:\/\/flaxtonmeadows.co.uk\/fr\/"},{"@type":"ListItem","position":2,"name":"Ce qui nous rend \u00e9colo"}]},{"@type":"WebSite","@id":"https:\/\/flaxtonmeadows.co.uk\/fr\/#website","url":"https:\/\/flaxtonmeadows.co.uk\/fr\/","name":"Flaxton Meadows","description":"","publisher":{"@id":"https:\/\/flaxtonmeadows.co.uk\/fr\/#organization"},"potentialAction":[{"@type":"SearchAction","target":{"@type":"EntryPoint","urlTemplate":"https:\/\/flaxtonmeadows.co.uk\/fr\/?s={search_term_string}"},"query-input":{"@type":"PropertyValueSpecification","valueRequired":true,"valueName":"search_term_string"}}],"inLanguage":"fr-FR"},{"@type":"Organization","@id":"https:\/\/flaxtonmeadows.co.uk\/fr\/#organization","name":"Flaxton Meadows","url":"https:\/\/flaxtonmeadows.co.uk\/fr\/","logo":{"@type":"ImageObject","inLanguage":"fr-FR","@id":"https:\/\/flaxtonmeadows.co.uk\/fr\/#\/schema\/logo\/image\/","url":"https:\/\/flaxtonmeadows.co.uk\/wp-content\/uploads\/2020\/08\/flaxton-meadows-logo.png","contentUrl":"https:\/\/flaxtonmeadows.co.uk\/wp-content\/uploads\/2020\/08\/flaxton-meadows-logo.png","width":200,"height":265,"caption":"Flaxton Meadows"},"image":{"@id":"https:\/\/flaxtonmeadows.co.uk\/fr\/#\/schema\/logo\/image\/"},"sameAs":["https:\/\/www.facebook.com\/campingyork"]}]}},"_links":{"self":[{"href":"https:\/\/flaxtonmeadows.co.uk\/fr\/wp-json\/wp\/v2\/pages\/1225","targetHints":{"allow":["GET"]}}],"collection":[{"href":"https:\/\/flaxtonmeadows.co.uk\/fr\/wp-json\/wp\/v2\/pages"}],"about":[{"href":"https:\/\/flaxtonmeadows.co.uk\/fr\/wp-json\/wp\/v2\/types\/page"}],"author":[{"embeddable":true,"href":"https:\/\/flaxtonmeadows.co.uk\/fr\/wp-json\/wp\/v2\/users\/1"}],"replies":[{"embeddable":true,"href":"https:\/\/flaxtonmeadows.co.uk\/fr\/wp-json\/wp\/v2\/comments?post=1225"}],"version-history":[{"count":0,"href":"https:\/\/flaxtonmeadows.co.uk\/fr\/wp-json\/wp\/v2\/pages\/1225\/revisions"}],"wp:attachment":[{"href":"https:\/\/flaxtonmeadows.co.uk\/fr\/wp-json\/wp\/v2\/media?parent=1225"}],"curies":[{"name":"wp","href":"https:\/\/api.w.org\/{rel}","templated":true}]}}