{"id":3017,"date":"2020-08-04T12:23:07","date_gmt":"2020-08-04T11:23:07","guid":{"rendered":"https:\/\/flaxton-meadows.local\/overnatting\/turplasser\/"},"modified":"2023-01-31T14:44:54","modified_gmt":"2023-01-31T14:44:54","slug":"turplasser","status":"publish","type":"page","link":"https:\/\/flaxtonmeadows.co.uk\/no\/overnatting\/turplasser\/","title":{"rendered":"Turplasser"},"content":{"rendered":"","protected":false},"excerpt":{"rendered":"","protected":false},"author":1,"featured_media":0,"parent":2961,"menu_order":0,"comment_status":"closed","ping_status":"closed","template":"","meta":{"_acf_changed":false,"footnotes":""},"class_list":["post-3017","page","type-page","status-publish","hentry"],"acf":[],"yoast_head":"<!-- This site is optimized with the Yoast SEO plugin v26.5 - https:\/\/yoast.com\/wordpress\/plugins\/seo\/ -->\n<title>Caravan Site York | Romslige hardtst\u00e5ende turplasser<\/title>\n<meta name=\"description\" content=\"Flaxton Meadows har hardtst\u00e5ende turplasser for campingvogner, bobiler og bobiler. L\u00e6r mer om v\u00e5r milj\u00f8vennlige campingvogn i York i dag.\" \/>\n<meta name=\"robots\" content=\"index, follow, max-snippet:-1, max-image-preview:large, max-video-preview:-1\" \/>\n<link rel=\"canonical\" href=\"https:\/\/flaxtonmeadows.co.uk\/no\/overnatting\/turplasser\/\" \/>\n<meta property=\"og:locale\" content=\"nb_NO\" \/>\n<meta property=\"og:type\" content=\"article\" \/>\n<meta property=\"og:title\" content=\"Caravan Site York | Romslige hardtst\u00e5ende turplasser\" \/>\n<meta property=\"og:description\" content=\"Flaxton Meadows har hardtst\u00e5ende turplasser for campingvogner, bobiler og bobiler. L\u00e6r mer om v\u00e5r milj\u00f8vennlige campingvogn i York i dag.\" \/>\n<meta property=\"og:url\" content=\"https:\/\/flaxtonmeadows.co.uk\/no\/overnatting\/turplasser\/\" \/>\n<meta property=\"og:site_name\" content=\"Flaxton Meadows\" \/>\n<meta property=\"article:publisher\" content=\"https:\/\/www.facebook.com\/campingyork\" \/>\n<meta property=\"article:modified_time\" content=\"2023-01-31T14:44:54+00:00\" \/>\n<meta property=\"og:image\" content=\"https:\/\/flaxtonmeadows.co.uk\/wp-content\/uploads\/2020\/08\/flaxton-meadows-lodges2.jpg\" \/>\n\t<meta property=\"og:image:width\" content=\"960\" \/>\n\t<meta property=\"og:image:height\" content=\"489\" \/>\n\t<meta property=\"og:image:type\" content=\"image\/jpeg\" \/>\n<meta name=\"twitter:card\" content=\"summary_large_image\" \/>\n<!-- \/ Yoast SEO plugin. -->","yoast_head_json":{"title":"Caravan Site York | Romslige hardtst\u00e5ende turplasser","description":"Flaxton Meadows har hardtst\u00e5ende turplasser for campingvogner, bobiler og bobiler. L\u00e6r mer om v\u00e5r milj\u00f8vennlige campingvogn i York i dag.","robots":{"index":"index","follow":"follow","max-snippet":"max-snippet:-1","max-image-preview":"max-image-preview:large","max-video-preview":"max-video-preview:-1"},"canonical":"https:\/\/flaxtonmeadows.co.uk\/no\/overnatting\/turplasser\/","og_locale":"nb_NO","og_type":"article","og_title":"Caravan Site York | Romslige hardtst\u00e5ende turplasser","og_description":"Flaxton Meadows har hardtst\u00e5ende turplasser for campingvogner, bobiler og bobiler. L\u00e6r mer om v\u00e5r milj\u00f8vennlige campingvogn i York i dag.","og_url":"https:\/\/flaxtonmeadows.co.uk\/no\/overnatting\/turplasser\/","og_site_name":"Flaxton Meadows","article_publisher":"https:\/\/www.facebook.com\/campingyork","article_modified_time":"2023-01-31T14:44:54+00:00","og_image":[{"width":960,"height":489,"url":"https:\/\/flaxtonmeadows.co.uk\/wp-content\/uploads\/2020\/08\/flaxton-meadows-lodges2.jpg","type":"image\/jpeg"}],"twitter_card":"summary_large_image","schema":{"@context":"https:\/\/schema.org","@graph":[{"@type":"WebPage","@id":"https:\/\/flaxtonmeadows.co.uk\/no\/overnatting\/turplasser\/","url":"https:\/\/flaxtonmeadows.co.uk\/no\/overnatting\/turplasser\/","name":"Caravan Site York | Romslige hardtst\u00e5ende turplasser","isPartOf":{"@id":"https:\/\/flaxtonmeadows.co.uk\/no\/#website"},"datePublished":"2020-08-04T11:23:07+00:00","dateModified":"2023-01-31T14:44:54+00:00","description":"Flaxton Meadows har hardtst\u00e5ende turplasser for campingvogner, bobiler og bobiler. L\u00e6r mer om v\u00e5r milj\u00f8vennlige campingvogn i York i dag.","breadcrumb":{"@id":"https:\/\/flaxtonmeadows.co.uk\/no\/overnatting\/turplasser\/#breadcrumb"},"inLanguage":"nb-NO","potentialAction":[{"@type":"ReadAction","target":["https:\/\/flaxtonmeadows.co.uk\/no\/overnatting\/turplasser\/"]}]},{"@type":"BreadcrumbList","@id":"https:\/\/flaxtonmeadows.co.uk\/no\/overnatting\/turplasser\/#breadcrumb","itemListElement":[{"@type":"ListItem","position":1,"name":"Home","item":"https:\/\/flaxtonmeadows.co.uk\/no\/"},{"@type":"ListItem","position":2,"name":"Overnatting","item":"https:\/\/flaxtonmeadows.co.uk\/no\/overnatting\/"},{"@type":"ListItem","position":3,"name":"Turplasser"}]},{"@type":"WebSite","@id":"https:\/\/flaxtonmeadows.co.uk\/no\/#website","url":"https:\/\/flaxtonmeadows.co.uk\/no\/","name":"Flaxton Meadows","description":"","publisher":{"@id":"https:\/\/flaxtonmeadows.co.uk\/no\/#organization"},"potentialAction":[{"@type":"SearchAction","target":{"@type":"EntryPoint","urlTemplate":"https:\/\/flaxtonmeadows.co.uk\/no\/?s={search_term_string}"},"query-input":{"@type":"PropertyValueSpecification","valueRequired":true,"valueName":"search_term_string"}}],"inLanguage":"nb-NO"},{"@type":"Organization","@id":"https:\/\/flaxtonmeadows.co.uk\/no\/#organization","name":"Flaxton Meadows","url":"https:\/\/flaxtonmeadows.co.uk\/no\/","logo":{"@type":"ImageObject","inLanguage":"nb-NO","@id":"https:\/\/flaxtonmeadows.co.uk\/no\/#\/schema\/logo\/image\/","url":"https:\/\/flaxtonmeadows.co.uk\/wp-content\/uploads\/2020\/08\/flaxton-meadows-logo.png","contentUrl":"https:\/\/flaxtonmeadows.co.uk\/wp-content\/uploads\/2020\/08\/flaxton-meadows-logo.png","width":200,"height":265,"caption":"Flaxton Meadows"},"image":{"@id":"https:\/\/flaxtonmeadows.co.uk\/no\/#\/schema\/logo\/image\/"},"sameAs":["https:\/\/www.facebook.com\/campingyork"]}]}},"_links":{"self":[{"href":"https:\/\/flaxtonmeadows.co.uk\/no\/wp-json\/wp\/v2\/pages\/3017","targetHints":{"allow":["GET"]}}],"collection":[{"href":"https:\/\/flaxtonmeadows.co.uk\/no\/wp-json\/wp\/v2\/pages"}],"about":[{"href":"https:\/\/flaxtonmeadows.co.uk\/no\/wp-json\/wp\/v2\/types\/page"}],"author":[{"embeddable":true,"href":"https:\/\/flaxtonmeadows.co.uk\/no\/wp-json\/wp\/v2\/users\/1"}],"replies":[{"embeddable":true,"href":"https:\/\/flaxtonmeadows.co.uk\/no\/wp-json\/wp\/v2\/comments?post=3017"}],"version-history":[{"count":0,"href":"https:\/\/flaxtonmeadows.co.uk\/no\/wp-json\/wp\/v2\/pages\/3017\/revisions"}],"up":[{"embeddable":true,"href":"https:\/\/flaxtonmeadows.co.uk\/no\/wp-json\/wp\/v2\/pages\/2961"}],"wp:attachment":[{"href":"https:\/\/flaxtonmeadows.co.uk\/no\/wp-json\/wp\/v2\/media?parent=3017"}],"curies":[{"name":"wp","href":"https:\/\/api.w.org\/{rel}","templated":true}]}}