{"id":3026,"date":"2020-08-04T12:22:21","date_gmt":"2020-08-04T11:22:21","guid":{"rendered":"https:\/\/flaxton-meadows.local\/hva-gjor-oss-eco\/"},"modified":"2023-01-31T14:45:09","modified_gmt":"2023-01-31T14:45:09","slug":"hva-gjor-oss-eco","status":"publish","type":"page","link":"https:\/\/flaxtonmeadows.co.uk\/no\/hva-gjor-oss-eco\/","title":{"rendered":"Hva gj\u00f8r oss Eco"},"content":{"rendered":"","protected":false},"excerpt":{"rendered":"","protected":false},"author":1,"featured_media":0,"parent":0,"menu_order":0,"comment_status":"closed","ping_status":"closed","template":"","meta":{"_acf_changed":false,"footnotes":""},"class_list":["post-3026","page","type-page","status-publish","hentry"],"acf":[],"yoast_head":"<!-- This site is optimized with the Yoast SEO plugin v27.4 - https:\/\/yoast.com\/product\/yoast-seo-wordpress\/ -->\n<title>V\u00e5r \u00f8kocampingplass York | B\u00e6rekraftig camping og badestamphytter<\/title>\n<meta name=\"description\" content=\"L\u00e6r om v\u00e5r milj\u00f8vennlige campingplass og se hvordan vi st\u00f8tter b\u00e6rekraftige ferier i York. Vi tilbyr camping, turplasser og badestamphytter.\" \/>\n<meta name=\"robots\" content=\"index, follow, max-snippet:-1, max-image-preview:large, max-video-preview:-1\" \/>\n<link rel=\"canonical\" href=\"https:\/\/flaxtonmeadows.co.uk\/no\/hva-gjor-oss-eco\/\" \/>\n<meta property=\"og:locale\" content=\"nb_NO\" \/>\n<meta property=\"og:type\" content=\"article\" \/>\n<meta property=\"og:title\" content=\"V\u00e5r \u00f8kocampingplass York | B\u00e6rekraftig camping og badestamphytter\" \/>\n<meta property=\"og:description\" content=\"L\u00e6r om v\u00e5r milj\u00f8vennlige campingplass og se hvordan vi st\u00f8tter b\u00e6rekraftige ferier i York. Vi tilbyr camping, turplasser og badestamphytter.\" \/>\n<meta property=\"og:url\" content=\"https:\/\/flaxtonmeadows.co.uk\/no\/hva-gjor-oss-eco\/\" \/>\n<meta property=\"og:site_name\" content=\"Flaxton Meadows\" \/>\n<meta property=\"article:publisher\" content=\"https:\/\/www.facebook.com\/campingyork\" \/>\n<meta property=\"article:modified_time\" content=\"2023-01-31T14:45:09+00:00\" \/>\n<meta property=\"og:image\" content=\"https:\/\/flaxtonmeadows.co.uk\/wp-content\/uploads\/2020\/08\/flaxton-meadows.jpg\" \/>\n<meta name=\"twitter:card\" content=\"summary_large_image\" \/>\n<!-- \/ Yoast SEO plugin. -->","yoast_head_json":{"title":"V\u00e5r \u00f8kocampingplass York | B\u00e6rekraftig camping og badestamphytter","description":"L\u00e6r om v\u00e5r milj\u00f8vennlige campingplass og se hvordan vi st\u00f8tter b\u00e6rekraftige ferier i York. Vi tilbyr camping, turplasser og badestamphytter.","robots":{"index":"index","follow":"follow","max-snippet":"max-snippet:-1","max-image-preview":"max-image-preview:large","max-video-preview":"max-video-preview:-1"},"canonical":"https:\/\/flaxtonmeadows.co.uk\/no\/hva-gjor-oss-eco\/","og_locale":"nb_NO","og_type":"article","og_title":"V\u00e5r \u00f8kocampingplass York | B\u00e6rekraftig camping og badestamphytter","og_description":"L\u00e6r om v\u00e5r milj\u00f8vennlige campingplass og se hvordan vi st\u00f8tter b\u00e6rekraftige ferier i York. Vi tilbyr camping, turplasser og badestamphytter.","og_url":"https:\/\/flaxtonmeadows.co.uk\/no\/hva-gjor-oss-eco\/","og_site_name":"Flaxton Meadows","article_publisher":"https:\/\/www.facebook.com\/campingyork","article_modified_time":"2023-01-31T14:45:09+00:00","og_image":[{"url":"https:\/\/flaxtonmeadows.co.uk\/wp-content\/uploads\/2020\/08\/flaxton-meadows.jpg","type":"","width":"","height":""}],"twitter_card":"summary_large_image","schema":{"@context":"https:\/\/schema.org","@graph":[{"@type":"WebPage","@id":"https:\/\/flaxtonmeadows.co.uk\/no\/hva-gjor-oss-eco\/","url":"https:\/\/flaxtonmeadows.co.uk\/no\/hva-gjor-oss-eco\/","name":"V\u00e5r \u00f8kocampingplass York | B\u00e6rekraftig camping og badestamphytter","isPartOf":{"@id":"https:\/\/flaxtonmeadows.co.uk\/no\/#website"},"datePublished":"2020-08-04T11:22:21+00:00","dateModified":"2023-01-31T14:45:09+00:00","description":"L\u00e6r om v\u00e5r milj\u00f8vennlige campingplass og se hvordan vi st\u00f8tter b\u00e6rekraftige ferier i York. Vi tilbyr camping, turplasser og badestamphytter.","breadcrumb":{"@id":"https:\/\/flaxtonmeadows.co.uk\/no\/hva-gjor-oss-eco\/#breadcrumb"},"inLanguage":"nb-NO","potentialAction":[{"@type":"ReadAction","target":["https:\/\/flaxtonmeadows.co.uk\/no\/hva-gjor-oss-eco\/"]}]},{"@type":"BreadcrumbList","@id":"https:\/\/flaxtonmeadows.co.uk\/no\/hva-gjor-oss-eco\/#breadcrumb","itemListElement":[{"@type":"ListItem","position":1,"name":"Home","item":"https:\/\/flaxtonmeadows.co.uk\/no\/"},{"@type":"ListItem","position":2,"name":"Hva gj\u00f8r oss Eco"}]},{"@type":"WebSite","@id":"https:\/\/flaxtonmeadows.co.uk\/no\/#website","url":"https:\/\/flaxtonmeadows.co.uk\/no\/","name":"Flaxton Meadows","description":"","publisher":{"@id":"https:\/\/flaxtonmeadows.co.uk\/no\/#organization"},"potentialAction":[{"@type":"SearchAction","target":{"@type":"EntryPoint","urlTemplate":"https:\/\/flaxtonmeadows.co.uk\/no\/?s={search_term_string}"},"query-input":{"@type":"PropertyValueSpecification","valueRequired":true,"valueName":"search_term_string"}}],"inLanguage":"nb-NO"},{"@type":"Organization","@id":"https:\/\/flaxtonmeadows.co.uk\/no\/#organization","name":"Flaxton Meadows","url":"https:\/\/flaxtonmeadows.co.uk\/no\/","logo":{"@type":"ImageObject","inLanguage":"nb-NO","@id":"https:\/\/flaxtonmeadows.co.uk\/no\/#\/schema\/logo\/image\/","url":"https:\/\/flaxtonmeadows.co.uk\/wp-content\/uploads\/2020\/08\/flaxton-meadows-logo.png","contentUrl":"https:\/\/flaxtonmeadows.co.uk\/wp-content\/uploads\/2020\/08\/flaxton-meadows-logo.png","width":200,"height":265,"caption":"Flaxton Meadows"},"image":{"@id":"https:\/\/flaxtonmeadows.co.uk\/no\/#\/schema\/logo\/image\/"},"sameAs":["https:\/\/www.facebook.com\/campingyork"]}]}},"_links":{"self":[{"href":"https:\/\/flaxtonmeadows.co.uk\/no\/wp-json\/wp\/v2\/pages\/3026","targetHints":{"allow":["GET"]}}],"collection":[{"href":"https:\/\/flaxtonmeadows.co.uk\/no\/wp-json\/wp\/v2\/pages"}],"about":[{"href":"https:\/\/flaxtonmeadows.co.uk\/no\/wp-json\/wp\/v2\/types\/page"}],"author":[{"embeddable":true,"href":"https:\/\/flaxtonmeadows.co.uk\/no\/wp-json\/wp\/v2\/users\/1"}],"replies":[{"embeddable":true,"href":"https:\/\/flaxtonmeadows.co.uk\/no\/wp-json\/wp\/v2\/comments?post=3026"}],"version-history":[{"count":0,"href":"https:\/\/flaxtonmeadows.co.uk\/no\/wp-json\/wp\/v2\/pages\/3026\/revisions"}],"wp:attachment":[{"href":"https:\/\/flaxtonmeadows.co.uk\/no\/wp-json\/wp\/v2\/media?parent=3026"}],"curies":[{"name":"wp","href":"https:\/\/api.w.org\/{rel}","templated":true}]}}