{"id":2971,"date":"2020-08-19T08:43:36","date_gmt":"2020-08-19T07:43:36","guid":{"rendered":"https:\/\/flaxton-meadows.local\/dostepnosc-i-rezerwacja\/"},"modified":"2020-08-19T08:43:36","modified_gmt":"2020-08-19T07:43:36","slug":"dostepnosc-i-rezerwacja","status":"publish","type":"page","link":"https:\/\/flaxtonmeadows.co.uk\/pl\/dostepnosc-i-rezerwacja\/","title":{"rendered":"Dost\u0119pno\u015b\u0107 i rezerwacja"},"content":{"rendered":"","protected":false},"excerpt":{"rendered":"","protected":false},"author":1,"featured_media":0,"parent":0,"menu_order":0,"comment_status":"closed","ping_status":"closed","template":"page-availability-booking.php","meta":{"_acf_changed":false,"footnotes":""},"class_list":["post-2971","page","type-page","status-publish","hentry"],"acf":[],"yoast_head":"<!-- This site is optimized with the Yoast SEO plugin v26.5 - https:\/\/yoast.com\/wordpress\/plugins\/seo\/ -->\n<title>Dost\u0119pno\u015b\u0107 i rezerwacja | Kemping i Hot Tub Lodges w York<\/title>\n<meta name=\"description\" content=\"Zobacz dost\u0119pno\u015b\u0107 eko-kempingu Flaxton Meadows, stanowisk z twardym pod\u0142o\u017cem i luksusowych domk\u00f3w z gor\u0105c\u0105 wann\u0105 w York i zarezerwuj online ju\u017c dzi\u015b.\" \/>\n<meta name=\"robots\" content=\"index, follow, max-snippet:-1, max-image-preview:large, max-video-preview:-1\" \/>\n<link rel=\"canonical\" href=\"https:\/\/flaxtonmeadows.co.uk\/pl\/dostepnosc-i-rezerwacja\/\" \/>\n<meta property=\"og:locale\" content=\"pl_PL\" \/>\n<meta property=\"og:type\" content=\"article\" \/>\n<meta property=\"og:title\" content=\"Dost\u0119pno\u015b\u0107 i rezerwacja | Kemping i Hot Tub Lodges w York\" \/>\n<meta property=\"og:description\" content=\"Zobacz dost\u0119pno\u015b\u0107 eko-kempingu Flaxton Meadows, stanowisk z twardym pod\u0142o\u017cem i luksusowych domk\u00f3w z gor\u0105c\u0105 wann\u0105 w York i zarezerwuj online ju\u017c dzi\u015b.\" \/>\n<meta property=\"og:url\" content=\"https:\/\/flaxtonmeadows.co.uk\/pl\/dostepnosc-i-rezerwacja\/\" \/>\n<meta property=\"og:site_name\" content=\"Flaxton Meadows\" \/>\n<meta property=\"article:publisher\" content=\"https:\/\/www.facebook.com\/campingyork\" \/>\n<meta property=\"og:image\" content=\"https:\/\/flaxtonmeadows.co.uk\/wp-content\/uploads\/2020\/08\/flaxton-meadows-lodges2.jpg\" \/>\n\t<meta property=\"og:image:width\" content=\"960\" \/>\n\t<meta property=\"og:image:height\" content=\"489\" \/>\n\t<meta property=\"og:image:type\" content=\"image\/jpeg\" \/>\n<meta name=\"twitter:card\" content=\"summary_large_image\" \/>\n<!-- \/ Yoast SEO plugin. -->","yoast_head_json":{"title":"Dost\u0119pno\u015b\u0107 i rezerwacja | Kemping i Hot Tub Lodges w York","description":"Zobacz dost\u0119pno\u015b\u0107 eko-kempingu Flaxton Meadows, stanowisk z twardym pod\u0142o\u017cem i luksusowych domk\u00f3w z gor\u0105c\u0105 wann\u0105 w York i zarezerwuj online ju\u017c dzi\u015b.","robots":{"index":"index","follow":"follow","max-snippet":"max-snippet:-1","max-image-preview":"max-image-preview:large","max-video-preview":"max-video-preview:-1"},"canonical":"https:\/\/flaxtonmeadows.co.uk\/pl\/dostepnosc-i-rezerwacja\/","og_locale":"pl_PL","og_type":"article","og_title":"Dost\u0119pno\u015b\u0107 i rezerwacja | Kemping i Hot Tub Lodges w York","og_description":"Zobacz dost\u0119pno\u015b\u0107 eko-kempingu Flaxton Meadows, stanowisk z twardym pod\u0142o\u017cem i luksusowych domk\u00f3w z gor\u0105c\u0105 wann\u0105 w York i zarezerwuj online ju\u017c dzi\u015b.","og_url":"https:\/\/flaxtonmeadows.co.uk\/pl\/dostepnosc-i-rezerwacja\/","og_site_name":"Flaxton Meadows","article_publisher":"https:\/\/www.facebook.com\/campingyork","og_image":[{"width":960,"height":489,"url":"https:\/\/flaxtonmeadows.co.uk\/wp-content\/uploads\/2020\/08\/flaxton-meadows-lodges2.jpg","type":"image\/jpeg"}],"twitter_card":"summary_large_image","schema":{"@context":"https:\/\/schema.org","@graph":[{"@type":"WebPage","@id":"https:\/\/flaxtonmeadows.co.uk\/pl\/dostepnosc-i-rezerwacja\/","url":"https:\/\/flaxtonmeadows.co.uk\/pl\/dostepnosc-i-rezerwacja\/","name":"Dost\u0119pno\u015b\u0107 i rezerwacja | Kemping i Hot Tub Lodges w York","isPartOf":{"@id":"https:\/\/flaxtonmeadows.co.uk\/pl\/#website"},"datePublished":"2020-08-19T07:43:36+00:00","description":"Zobacz dost\u0119pno\u015b\u0107 eko-kempingu Flaxton Meadows, stanowisk z twardym pod\u0142o\u017cem i luksusowych domk\u00f3w z gor\u0105c\u0105 wann\u0105 w York i zarezerwuj online ju\u017c dzi\u015b.","breadcrumb":{"@id":"https:\/\/flaxtonmeadows.co.uk\/pl\/dostepnosc-i-rezerwacja\/#breadcrumb"},"inLanguage":"pl-PL","potentialAction":[{"@type":"ReadAction","target":["https:\/\/flaxtonmeadows.co.uk\/pl\/dostepnosc-i-rezerwacja\/"]}]},{"@type":"BreadcrumbList","@id":"https:\/\/flaxtonmeadows.co.uk\/pl\/dostepnosc-i-rezerwacja\/#breadcrumb","itemListElement":[{"@type":"ListItem","position":1,"name":"Home","item":"https:\/\/flaxtonmeadows.co.uk\/pl\/"},{"@type":"ListItem","position":2,"name":"Dost\u0119pno\u015b\u0107 i rezerwacja"}]},{"@type":"WebSite","@id":"https:\/\/flaxtonmeadows.co.uk\/pl\/#website","url":"https:\/\/flaxtonmeadows.co.uk\/pl\/","name":"Flaxton Meadows","description":"","publisher":{"@id":"https:\/\/flaxtonmeadows.co.uk\/pl\/#organization"},"potentialAction":[{"@type":"SearchAction","target":{"@type":"EntryPoint","urlTemplate":"https:\/\/flaxtonmeadows.co.uk\/pl\/?s={search_term_string}"},"query-input":{"@type":"PropertyValueSpecification","valueRequired":true,"valueName":"search_term_string"}}],"inLanguage":"pl-PL"},{"@type":"Organization","@id":"https:\/\/flaxtonmeadows.co.uk\/pl\/#organization","name":"Flaxton Meadows","url":"https:\/\/flaxtonmeadows.co.uk\/pl\/","logo":{"@type":"ImageObject","inLanguage":"pl-PL","@id":"https:\/\/flaxtonmeadows.co.uk\/pl\/#\/schema\/logo\/image\/","url":"https:\/\/flaxtonmeadows.co.uk\/wp-content\/uploads\/2020\/08\/flaxton-meadows-logo.png","contentUrl":"https:\/\/flaxtonmeadows.co.uk\/wp-content\/uploads\/2020\/08\/flaxton-meadows-logo.png","width":200,"height":265,"caption":"Flaxton Meadows"},"image":{"@id":"https:\/\/flaxtonmeadows.co.uk\/pl\/#\/schema\/logo\/image\/"},"sameAs":["https:\/\/www.facebook.com\/campingyork"]}]}},"_links":{"self":[{"href":"https:\/\/flaxtonmeadows.co.uk\/pl\/wp-json\/wp\/v2\/pages\/2971","targetHints":{"allow":["GET"]}}],"collection":[{"href":"https:\/\/flaxtonmeadows.co.uk\/pl\/wp-json\/wp\/v2\/pages"}],"about":[{"href":"https:\/\/flaxtonmeadows.co.uk\/pl\/wp-json\/wp\/v2\/types\/page"}],"author":[{"embeddable":true,"href":"https:\/\/flaxtonmeadows.co.uk\/pl\/wp-json\/wp\/v2\/users\/1"}],"replies":[{"embeddable":true,"href":"https:\/\/flaxtonmeadows.co.uk\/pl\/wp-json\/wp\/v2\/comments?post=2971"}],"version-history":[{"count":0,"href":"https:\/\/flaxtonmeadows.co.uk\/pl\/wp-json\/wp\/v2\/pages\/2971\/revisions"}],"wp:attachment":[{"href":"https:\/\/flaxtonmeadows.co.uk\/pl\/wp-json\/wp\/v2\/media?parent=2971"}],"curies":[{"name":"wp","href":"https:\/\/api.w.org\/{rel}","templated":true}]}}