{"id":3019,"date":"2020-08-04T12:23:07","date_gmt":"2020-08-04T11:23:07","guid":{"rendered":"https:\/\/flaxton-meadows.local\/zakwaterowanie\/boiska-turystyczne\/"},"modified":"2023-01-31T14:44:55","modified_gmt":"2023-01-31T14:44:55","slug":"boiska-turystyczne","status":"publish","type":"page","link":"https:\/\/flaxtonmeadows.co.uk\/pl\/zakwaterowanie\/boiska-turystyczne\/","title":{"rendered":"Boiska turystyczne"},"content":{"rendered":"","protected":false},"excerpt":{"rendered":"","protected":false},"author":1,"featured_media":0,"parent":2963,"menu_order":0,"comment_status":"closed","ping_status":"closed","template":"","meta":{"_acf_changed":false,"footnotes":""},"class_list":["post-3019","page","type-page","status-publish","hentry"],"acf":[],"yoast_head":"<!-- This site is optimized with the Yoast SEO plugin v26.5 - https:\/\/yoast.com\/wordpress\/plugins\/seo\/ -->\n<title>Caravan Site York | Spacious Hard Standing Touring Pitches<\/title>\n<meta name=\"description\" content=\"Flaxton Meadows posiada twardo stoj\u0105ce stanowiska turystyczne dla przyczep kempingowych, kamper\u00f3w i samochod\u00f3w kempingowych. Dowiedz si\u0119 wi\u0119cej o naszym ekologicznym kempingu w York ju\u017c dzi\u015b.\" \/>\n<meta name=\"robots\" content=\"index, follow, max-snippet:-1, max-image-preview:large, max-video-preview:-1\" \/>\n<link rel=\"canonical\" href=\"https:\/\/flaxtonmeadows.co.uk\/pl\/zakwaterowanie\/boiska-turystyczne\/\" \/>\n<meta property=\"og:locale\" content=\"pl_PL\" \/>\n<meta property=\"og:type\" content=\"article\" \/>\n<meta property=\"og:title\" content=\"Caravan Site York | Spacious Hard Standing Touring Pitches\" \/>\n<meta property=\"og:description\" content=\"Flaxton Meadows posiada twardo stoj\u0105ce stanowiska turystyczne dla przyczep kempingowych, kamper\u00f3w i samochod\u00f3w kempingowych. Dowiedz si\u0119 wi\u0119cej o naszym ekologicznym kempingu w York ju\u017c dzi\u015b.\" \/>\n<meta property=\"og:url\" content=\"https:\/\/flaxtonmeadows.co.uk\/pl\/zakwaterowanie\/boiska-turystyczne\/\" \/>\n<meta property=\"og:site_name\" content=\"Flaxton Meadows\" \/>\n<meta property=\"article:publisher\" content=\"https:\/\/www.facebook.com\/campingyork\" \/>\n<meta property=\"article:modified_time\" content=\"2023-01-31T14:44:55+00:00\" \/>\n<meta property=\"og:image\" content=\"https:\/\/flaxtonmeadows.co.uk\/wp-content\/uploads\/2020\/08\/flaxton-meadows-lodges2.jpg\" \/>\n\t<meta property=\"og:image:width\" content=\"960\" \/>\n\t<meta property=\"og:image:height\" content=\"489\" \/>\n\t<meta property=\"og:image:type\" content=\"image\/jpeg\" \/>\n<meta name=\"twitter:card\" content=\"summary_large_image\" \/>\n<!-- \/ Yoast SEO plugin. -->","yoast_head_json":{"title":"Caravan Site York | Spacious Hard Standing Touring Pitches","description":"Flaxton Meadows posiada twardo stoj\u0105ce stanowiska turystyczne dla przyczep kempingowych, kamper\u00f3w i samochod\u00f3w kempingowych. Dowiedz si\u0119 wi\u0119cej o naszym ekologicznym kempingu w York ju\u017c dzi\u015b.","robots":{"index":"index","follow":"follow","max-snippet":"max-snippet:-1","max-image-preview":"max-image-preview:large","max-video-preview":"max-video-preview:-1"},"canonical":"https:\/\/flaxtonmeadows.co.uk\/pl\/zakwaterowanie\/boiska-turystyczne\/","og_locale":"pl_PL","og_type":"article","og_title":"Caravan Site York | Spacious Hard Standing Touring Pitches","og_description":"Flaxton Meadows posiada twardo stoj\u0105ce stanowiska turystyczne dla przyczep kempingowych, kamper\u00f3w i samochod\u00f3w kempingowych. Dowiedz si\u0119 wi\u0119cej o naszym ekologicznym kempingu w York ju\u017c dzi\u015b.","og_url":"https:\/\/flaxtonmeadows.co.uk\/pl\/zakwaterowanie\/boiska-turystyczne\/","og_site_name":"Flaxton Meadows","article_publisher":"https:\/\/www.facebook.com\/campingyork","article_modified_time":"2023-01-31T14:44:55+00:00","og_image":[{"width":960,"height":489,"url":"https:\/\/flaxtonmeadows.co.uk\/wp-content\/uploads\/2020\/08\/flaxton-meadows-lodges2.jpg","type":"image\/jpeg"}],"twitter_card":"summary_large_image","schema":{"@context":"https:\/\/schema.org","@graph":[{"@type":"WebPage","@id":"https:\/\/flaxtonmeadows.co.uk\/pl\/zakwaterowanie\/boiska-turystyczne\/","url":"https:\/\/flaxtonmeadows.co.uk\/pl\/zakwaterowanie\/boiska-turystyczne\/","name":"Caravan Site York | Spacious Hard Standing Touring Pitches","isPartOf":{"@id":"https:\/\/flaxtonmeadows.co.uk\/pl\/#website"},"datePublished":"2020-08-04T11:23:07+00:00","dateModified":"2023-01-31T14:44:55+00:00","description":"Flaxton Meadows posiada twardo stoj\u0105ce stanowiska turystyczne dla przyczep kempingowych, kamper\u00f3w i samochod\u00f3w kempingowych. Dowiedz si\u0119 wi\u0119cej o naszym ekologicznym kempingu w York ju\u017c dzi\u015b.","breadcrumb":{"@id":"https:\/\/flaxtonmeadows.co.uk\/pl\/zakwaterowanie\/boiska-turystyczne\/#breadcrumb"},"inLanguage":"pl-PL","potentialAction":[{"@type":"ReadAction","target":["https:\/\/flaxtonmeadows.co.uk\/pl\/zakwaterowanie\/boiska-turystyczne\/"]}]},{"@type":"BreadcrumbList","@id":"https:\/\/flaxtonmeadows.co.uk\/pl\/zakwaterowanie\/boiska-turystyczne\/#breadcrumb","itemListElement":[{"@type":"ListItem","position":1,"name":"Home","item":"https:\/\/flaxtonmeadows.co.uk\/pl\/"},{"@type":"ListItem","position":2,"name":"Zakwaterowanie","item":"https:\/\/flaxtonmeadows.co.uk\/pl\/zakwaterowanie\/"},{"@type":"ListItem","position":3,"name":"Boiska turystyczne"}]},{"@type":"WebSite","@id":"https:\/\/flaxtonmeadows.co.uk\/pl\/#website","url":"https:\/\/flaxtonmeadows.co.uk\/pl\/","name":"Flaxton Meadows","description":"","publisher":{"@id":"https:\/\/flaxtonmeadows.co.uk\/pl\/#organization"},"potentialAction":[{"@type":"SearchAction","target":{"@type":"EntryPoint","urlTemplate":"https:\/\/flaxtonmeadows.co.uk\/pl\/?s={search_term_string}"},"query-input":{"@type":"PropertyValueSpecification","valueRequired":true,"valueName":"search_term_string"}}],"inLanguage":"pl-PL"},{"@type":"Organization","@id":"https:\/\/flaxtonmeadows.co.uk\/pl\/#organization","name":"Flaxton Meadows","url":"https:\/\/flaxtonmeadows.co.uk\/pl\/","logo":{"@type":"ImageObject","inLanguage":"pl-PL","@id":"https:\/\/flaxtonmeadows.co.uk\/pl\/#\/schema\/logo\/image\/","url":"https:\/\/flaxtonmeadows.co.uk\/wp-content\/uploads\/2020\/08\/flaxton-meadows-logo.png","contentUrl":"https:\/\/flaxtonmeadows.co.uk\/wp-content\/uploads\/2020\/08\/flaxton-meadows-logo.png","width":200,"height":265,"caption":"Flaxton Meadows"},"image":{"@id":"https:\/\/flaxtonmeadows.co.uk\/pl\/#\/schema\/logo\/image\/"},"sameAs":["https:\/\/www.facebook.com\/campingyork"]}]}},"_links":{"self":[{"href":"https:\/\/flaxtonmeadows.co.uk\/pl\/wp-json\/wp\/v2\/pages\/3019","targetHints":{"allow":["GET"]}}],"collection":[{"href":"https:\/\/flaxtonmeadows.co.uk\/pl\/wp-json\/wp\/v2\/pages"}],"about":[{"href":"https:\/\/flaxtonmeadows.co.uk\/pl\/wp-json\/wp\/v2\/types\/page"}],"author":[{"embeddable":true,"href":"https:\/\/flaxtonmeadows.co.uk\/pl\/wp-json\/wp\/v2\/users\/1"}],"replies":[{"embeddable":true,"href":"https:\/\/flaxtonmeadows.co.uk\/pl\/wp-json\/wp\/v2\/comments?post=3019"}],"version-history":[{"count":0,"href":"https:\/\/flaxtonmeadows.co.uk\/pl\/wp-json\/wp\/v2\/pages\/3019\/revisions"}],"up":[{"embeddable":true,"href":"https:\/\/flaxtonmeadows.co.uk\/pl\/wp-json\/wp\/v2\/pages\/2963"}],"wp:attachment":[{"href":"https:\/\/flaxtonmeadows.co.uk\/pl\/wp-json\/wp\/v2\/media?parent=3019"}],"curies":[{"name":"wp","href":"https:\/\/api.w.org\/{rel}","templated":true}]}}