{"id":2976,"date":"2020-08-04T14:14:34","date_gmt":"2020-08-04T13:14:34","guid":{"rendered":"https:\/\/flaxton-meadows.local\/regras-e-directrizes-do-parque-de-campismo\/"},"modified":"2023-01-31T14:44:23","modified_gmt":"2023-01-31T14:44:23","slug":"regras-e-directrizes-do-parque-de-campismo","status":"publish","type":"page","link":"https:\/\/flaxtonmeadows.co.uk\/pt-pt\/regras-e-directrizes-do-parque-de-campismo\/","title":{"rendered":"Regras e directrizes do parque de campismo"},"content":{"rendered":"","protected":false},"excerpt":{"rendered":"","protected":false},"author":1,"featured_media":0,"parent":0,"menu_order":0,"comment_status":"closed","ping_status":"closed","template":"","meta":{"_acf_changed":false,"footnotes":""},"class_list":["post-2976","page","type-page","status-publish","hentry"],"acf":[],"yoast_head":"<!-- This site is optimized with the Yoast SEO plugin v27.4 - https:\/\/yoast.com\/product\/yoast-seo-wordpress\/ -->\n<title>Regras e Directrizes do Parque de Campismo | Eco Camping &amp; Log Cabins York<\/title>\n<meta name=\"description\" content=\"O nosso parque de campismo ecol\u00f3gico em York preocupa-se com o mundo natural. Estas regras e directrizes do parque de campismo mant\u00eam os h\u00f3spedes e a vida selvagem felizes no local.\" \/>\n<meta name=\"robots\" content=\"index, follow, max-snippet:-1, max-image-preview:large, max-video-preview:-1\" \/>\n<link rel=\"canonical\" href=\"https:\/\/flaxtonmeadows.co.uk\/pt-pt\/regras-e-directrizes-do-parque-de-campismo\/\" \/>\n<meta property=\"og:locale\" content=\"pt_PT\" \/>\n<meta property=\"og:type\" content=\"article\" \/>\n<meta property=\"og:title\" content=\"Regras e Directrizes do Parque de Campismo | Eco Camping &amp; Log Cabins York\" \/>\n<meta property=\"og:description\" content=\"O nosso parque de campismo ecol\u00f3gico em York preocupa-se com o mundo natural. Estas regras e directrizes do parque de campismo mant\u00eam os h\u00f3spedes e a vida selvagem felizes no local.\" \/>\n<meta property=\"og:url\" content=\"https:\/\/flaxtonmeadows.co.uk\/pt-pt\/regras-e-directrizes-do-parque-de-campismo\/\" \/>\n<meta property=\"og:site_name\" content=\"Flaxton Meadows\" \/>\n<meta property=\"article:publisher\" content=\"https:\/\/www.facebook.com\/campingyork\" \/>\n<meta property=\"article:modified_time\" content=\"2023-01-31T14:44:23+00:00\" \/>\n<meta property=\"og:image\" content=\"https:\/\/flaxtonmeadows.co.uk\/wp-content\/uploads\/2020\/08\/flaxton-meadows-lodges2.jpg\" \/>\n\t<meta property=\"og:image:width\" content=\"960\" \/>\n\t<meta property=\"og:image:height\" content=\"489\" \/>\n\t<meta property=\"og:image:type\" content=\"image\/jpeg\" \/>\n<meta name=\"twitter:card\" content=\"summary_large_image\" \/>\n<!-- \/ Yoast SEO plugin. -->","yoast_head_json":{"title":"Regras e Directrizes do Parque de Campismo | Eco Camping & Log Cabins York","description":"O nosso parque de campismo ecol\u00f3gico em York preocupa-se com o mundo natural. Estas regras e directrizes do parque de campismo mant\u00eam os h\u00f3spedes e a vida selvagem felizes no local.","robots":{"index":"index","follow":"follow","max-snippet":"max-snippet:-1","max-image-preview":"max-image-preview:large","max-video-preview":"max-video-preview:-1"},"canonical":"https:\/\/flaxtonmeadows.co.uk\/pt-pt\/regras-e-directrizes-do-parque-de-campismo\/","og_locale":"pt_PT","og_type":"article","og_title":"Regras e Directrizes do Parque de Campismo | Eco Camping & Log Cabins York","og_description":"O nosso parque de campismo ecol\u00f3gico em York preocupa-se com o mundo natural. Estas regras e directrizes do parque de campismo mant\u00eam os h\u00f3spedes e a vida selvagem felizes no local.","og_url":"https:\/\/flaxtonmeadows.co.uk\/pt-pt\/regras-e-directrizes-do-parque-de-campismo\/","og_site_name":"Flaxton Meadows","article_publisher":"https:\/\/www.facebook.com\/campingyork","article_modified_time":"2023-01-31T14:44:23+00:00","og_image":[{"width":960,"height":489,"url":"https:\/\/flaxtonmeadows.co.uk\/wp-content\/uploads\/2020\/08\/flaxton-meadows-lodges2.jpg","type":"image\/jpeg"}],"twitter_card":"summary_large_image","schema":{"@context":"https:\/\/schema.org","@graph":[{"@type":"WebPage","@id":"https:\/\/flaxtonmeadows.co.uk\/pt-pt\/regras-e-directrizes-do-parque-de-campismo\/","url":"https:\/\/flaxtonmeadows.co.uk\/pt-pt\/regras-e-directrizes-do-parque-de-campismo\/","name":"Regras e Directrizes do Parque de Campismo | Eco Camping & Log Cabins York","isPartOf":{"@id":"https:\/\/flaxtonmeadows.co.uk\/pt-pt\/#website"},"datePublished":"2020-08-04T13:14:34+00:00","dateModified":"2023-01-31T14:44:23+00:00","description":"O nosso parque de campismo ecol\u00f3gico em York preocupa-se com o mundo natural. Estas regras e directrizes do parque de campismo mant\u00eam os h\u00f3spedes e a vida selvagem felizes no local.","breadcrumb":{"@id":"https:\/\/flaxtonmeadows.co.uk\/pt-pt\/regras-e-directrizes-do-parque-de-campismo\/#breadcrumb"},"inLanguage":"pt-PT","potentialAction":[{"@type":"ReadAction","target":["https:\/\/flaxtonmeadows.co.uk\/pt-pt\/regras-e-directrizes-do-parque-de-campismo\/"]}]},{"@type":"BreadcrumbList","@id":"https:\/\/flaxtonmeadows.co.uk\/pt-pt\/regras-e-directrizes-do-parque-de-campismo\/#breadcrumb","itemListElement":[{"@type":"ListItem","position":1,"name":"Home","item":"https:\/\/flaxtonmeadows.co.uk\/pt-pt\/"},{"@type":"ListItem","position":2,"name":"Regras e directrizes do parque de campismo"}]},{"@type":"WebSite","@id":"https:\/\/flaxtonmeadows.co.uk\/pt-pt\/#website","url":"https:\/\/flaxtonmeadows.co.uk\/pt-pt\/","name":"Flaxton Meadows","description":"","publisher":{"@id":"https:\/\/flaxtonmeadows.co.uk\/pt-pt\/#organization"},"potentialAction":[{"@type":"SearchAction","target":{"@type":"EntryPoint","urlTemplate":"https:\/\/flaxtonmeadows.co.uk\/pt-pt\/?s={search_term_string}"},"query-input":{"@type":"PropertyValueSpecification","valueRequired":true,"valueName":"search_term_string"}}],"inLanguage":"pt-PT"},{"@type":"Organization","@id":"https:\/\/flaxtonmeadows.co.uk\/pt-pt\/#organization","name":"Flaxton Meadows","url":"https:\/\/flaxtonmeadows.co.uk\/pt-pt\/","logo":{"@type":"ImageObject","inLanguage":"pt-PT","@id":"https:\/\/flaxtonmeadows.co.uk\/pt-pt\/#\/schema\/logo\/image\/","url":"https:\/\/flaxtonmeadows.co.uk\/wp-content\/uploads\/2020\/08\/flaxton-meadows-logo.png","contentUrl":"https:\/\/flaxtonmeadows.co.uk\/wp-content\/uploads\/2020\/08\/flaxton-meadows-logo.png","width":200,"height":265,"caption":"Flaxton Meadows"},"image":{"@id":"https:\/\/flaxtonmeadows.co.uk\/pt-pt\/#\/schema\/logo\/image\/"},"sameAs":["https:\/\/www.facebook.com\/campingyork"]}]}},"_links":{"self":[{"href":"https:\/\/flaxtonmeadows.co.uk\/pt-pt\/wp-json\/wp\/v2\/pages\/2976","targetHints":{"allow":["GET"]}}],"collection":[{"href":"https:\/\/flaxtonmeadows.co.uk\/pt-pt\/wp-json\/wp\/v2\/pages"}],"about":[{"href":"https:\/\/flaxtonmeadows.co.uk\/pt-pt\/wp-json\/wp\/v2\/types\/page"}],"author":[{"embeddable":true,"href":"https:\/\/flaxtonmeadows.co.uk\/pt-pt\/wp-json\/wp\/v2\/users\/1"}],"replies":[{"embeddable":true,"href":"https:\/\/flaxtonmeadows.co.uk\/pt-pt\/wp-json\/wp\/v2\/comments?post=2976"}],"version-history":[{"count":0,"href":"https:\/\/flaxtonmeadows.co.uk\/pt-pt\/wp-json\/wp\/v2\/pages\/2976\/revisions"}],"wp:attachment":[{"href":"https:\/\/flaxtonmeadows.co.uk\/pt-pt\/wp-json\/wp\/v2\/media?parent=2976"}],"curies":[{"name":"wp","href":"https:\/\/api.w.org\/{rel}","templated":true}]}}