{"id":3021,"date":"2020-08-04T12:23:07","date_gmt":"2020-08-04T11:23:07","guid":{"rendered":"https:\/\/flaxton-meadows.local\/alojamento\/campos-turisticos\/"},"modified":"2023-01-31T14:44:56","modified_gmt":"2023-01-31T14:44:56","slug":"campos-turisticos","status":"publish","type":"page","link":"https:\/\/flaxtonmeadows.co.uk\/pt-pt\/alojamento\/campos-turisticos\/","title":{"rendered":"Campos Tur\u00edsticos"},"content":{"rendered":"","protected":false},"excerpt":{"rendered":"","protected":false},"author":1,"featured_media":0,"parent":2965,"menu_order":0,"comment_status":"closed","ping_status":"closed","template":"","meta":{"_acf_changed":false,"footnotes":""},"class_list":["post-3021","page","type-page","status-publish","hentry"],"acf":[],"yoast_head":"<!-- This site is optimized with the Yoast SEO plugin v26.5 - https:\/\/yoast.com\/wordpress\/plugins\/seo\/ -->\n<title>Caravan Site York | Espaciosos Campos Tur\u00edsticos de P\u00e9 Duro<\/title>\n<meta name=\"description\" content=\"A Flaxton Meadows tem campos de turismo de p\u00e9 dif\u00edceis para caravanas, autocaravanas e campistas. Saiba mais sobre o nosso site de caravana ecol\u00f3gica em York hoje.\" \/>\n<meta name=\"robots\" content=\"index, follow, max-snippet:-1, max-image-preview:large, max-video-preview:-1\" \/>\n<link rel=\"canonical\" href=\"https:\/\/flaxtonmeadows.co.uk\/pt-pt\/alojamento\/campos-turisticos\/\" \/>\n<meta property=\"og:locale\" content=\"pt_PT\" \/>\n<meta property=\"og:type\" content=\"article\" \/>\n<meta property=\"og:title\" content=\"Caravan Site York | Espaciosos Campos Tur\u00edsticos de P\u00e9 Duro\" \/>\n<meta property=\"og:description\" content=\"A Flaxton Meadows tem campos de turismo de p\u00e9 dif\u00edceis para caravanas, autocaravanas e campistas. Saiba mais sobre o nosso site de caravana ecol\u00f3gica em York hoje.\" \/>\n<meta property=\"og:url\" content=\"https:\/\/flaxtonmeadows.co.uk\/pt-pt\/alojamento\/campos-turisticos\/\" \/>\n<meta property=\"og:site_name\" content=\"Flaxton Meadows\" \/>\n<meta property=\"article:publisher\" content=\"https:\/\/www.facebook.com\/campingyork\" \/>\n<meta property=\"article:modified_time\" content=\"2023-01-31T14:44:56+00:00\" \/>\n<meta property=\"og:image\" content=\"https:\/\/flaxtonmeadows.co.uk\/wp-content\/uploads\/2020\/08\/flaxton-meadows-lodges2.jpg\" \/>\n\t<meta property=\"og:image:width\" content=\"960\" \/>\n\t<meta property=\"og:image:height\" content=\"489\" \/>\n\t<meta property=\"og:image:type\" content=\"image\/jpeg\" \/>\n<meta name=\"twitter:card\" content=\"summary_large_image\" \/>\n<!-- \/ Yoast SEO plugin. -->","yoast_head_json":{"title":"Caravan Site York | Espaciosos Campos Tur\u00edsticos de P\u00e9 Duro","description":"A Flaxton Meadows tem campos de turismo de p\u00e9 dif\u00edceis para caravanas, autocaravanas e campistas. Saiba mais sobre o nosso site de caravana ecol\u00f3gica em York hoje.","robots":{"index":"index","follow":"follow","max-snippet":"max-snippet:-1","max-image-preview":"max-image-preview:large","max-video-preview":"max-video-preview:-1"},"canonical":"https:\/\/flaxtonmeadows.co.uk\/pt-pt\/alojamento\/campos-turisticos\/","og_locale":"pt_PT","og_type":"article","og_title":"Caravan Site York | Espaciosos Campos Tur\u00edsticos de P\u00e9 Duro","og_description":"A Flaxton Meadows tem campos de turismo de p\u00e9 dif\u00edceis para caravanas, autocaravanas e campistas. Saiba mais sobre o nosso site de caravana ecol\u00f3gica em York hoje.","og_url":"https:\/\/flaxtonmeadows.co.uk\/pt-pt\/alojamento\/campos-turisticos\/","og_site_name":"Flaxton Meadows","article_publisher":"https:\/\/www.facebook.com\/campingyork","article_modified_time":"2023-01-31T14:44:56+00:00","og_image":[{"width":960,"height":489,"url":"https:\/\/flaxtonmeadows.co.uk\/wp-content\/uploads\/2020\/08\/flaxton-meadows-lodges2.jpg","type":"image\/jpeg"}],"twitter_card":"summary_large_image","schema":{"@context":"https:\/\/schema.org","@graph":[{"@type":"WebPage","@id":"https:\/\/flaxtonmeadows.co.uk\/pt-pt\/alojamento\/campos-turisticos\/","url":"https:\/\/flaxtonmeadows.co.uk\/pt-pt\/alojamento\/campos-turisticos\/","name":"Caravan Site York | Espaciosos Campos Tur\u00edsticos de P\u00e9 Duro","isPartOf":{"@id":"https:\/\/flaxtonmeadows.co.uk\/pt-pt\/#website"},"datePublished":"2020-08-04T11:23:07+00:00","dateModified":"2023-01-31T14:44:56+00:00","description":"A Flaxton Meadows tem campos de turismo de p\u00e9 dif\u00edceis para caravanas, autocaravanas e campistas. Saiba mais sobre o nosso site de caravana ecol\u00f3gica em York hoje.","breadcrumb":{"@id":"https:\/\/flaxtonmeadows.co.uk\/pt-pt\/alojamento\/campos-turisticos\/#breadcrumb"},"inLanguage":"pt-PT","potentialAction":[{"@type":"ReadAction","target":["https:\/\/flaxtonmeadows.co.uk\/pt-pt\/alojamento\/campos-turisticos\/"]}]},{"@type":"BreadcrumbList","@id":"https:\/\/flaxtonmeadows.co.uk\/pt-pt\/alojamento\/campos-turisticos\/#breadcrumb","itemListElement":[{"@type":"ListItem","position":1,"name":"Home","item":"https:\/\/flaxtonmeadows.co.uk\/pt-pt\/"},{"@type":"ListItem","position":2,"name":"Alojamento","item":"https:\/\/flaxtonmeadows.co.uk\/pt-pt\/alojamento\/"},{"@type":"ListItem","position":3,"name":"Campos Tur\u00edsticos"}]},{"@type":"WebSite","@id":"https:\/\/flaxtonmeadows.co.uk\/pt-pt\/#website","url":"https:\/\/flaxtonmeadows.co.uk\/pt-pt\/","name":"Flaxton Meadows","description":"","publisher":{"@id":"https:\/\/flaxtonmeadows.co.uk\/pt-pt\/#organization"},"potentialAction":[{"@type":"SearchAction","target":{"@type":"EntryPoint","urlTemplate":"https:\/\/flaxtonmeadows.co.uk\/pt-pt\/?s={search_term_string}"},"query-input":{"@type":"PropertyValueSpecification","valueRequired":true,"valueName":"search_term_string"}}],"inLanguage":"pt-PT"},{"@type":"Organization","@id":"https:\/\/flaxtonmeadows.co.uk\/pt-pt\/#organization","name":"Flaxton Meadows","url":"https:\/\/flaxtonmeadows.co.uk\/pt-pt\/","logo":{"@type":"ImageObject","inLanguage":"pt-PT","@id":"https:\/\/flaxtonmeadows.co.uk\/pt-pt\/#\/schema\/logo\/image\/","url":"https:\/\/flaxtonmeadows.co.uk\/wp-content\/uploads\/2020\/08\/flaxton-meadows-logo.png","contentUrl":"https:\/\/flaxtonmeadows.co.uk\/wp-content\/uploads\/2020\/08\/flaxton-meadows-logo.png","width":200,"height":265,"caption":"Flaxton Meadows"},"image":{"@id":"https:\/\/flaxtonmeadows.co.uk\/pt-pt\/#\/schema\/logo\/image\/"},"sameAs":["https:\/\/www.facebook.com\/campingyork"]}]}},"_links":{"self":[{"href":"https:\/\/flaxtonmeadows.co.uk\/pt-pt\/wp-json\/wp\/v2\/pages\/3021","targetHints":{"allow":["GET"]}}],"collection":[{"href":"https:\/\/flaxtonmeadows.co.uk\/pt-pt\/wp-json\/wp\/v2\/pages"}],"about":[{"href":"https:\/\/flaxtonmeadows.co.uk\/pt-pt\/wp-json\/wp\/v2\/types\/page"}],"author":[{"embeddable":true,"href":"https:\/\/flaxtonmeadows.co.uk\/pt-pt\/wp-json\/wp\/v2\/users\/1"}],"replies":[{"embeddable":true,"href":"https:\/\/flaxtonmeadows.co.uk\/pt-pt\/wp-json\/wp\/v2\/comments?post=3021"}],"version-history":[{"count":0,"href":"https:\/\/flaxtonmeadows.co.uk\/pt-pt\/wp-json\/wp\/v2\/pages\/3021\/revisions"}],"up":[{"embeddable":true,"href":"https:\/\/flaxtonmeadows.co.uk\/pt-pt\/wp-json\/wp\/v2\/pages\/2965"}],"wp:attachment":[{"href":"https:\/\/flaxtonmeadows.co.uk\/pt-pt\/wp-json\/wp\/v2\/media?parent=3021"}],"curies":[{"name":"wp","href":"https:\/\/api.w.org\/{rel}","templated":true}]}}