{"id":3029,"date":"2020-08-04T12:22:42","date_gmt":"2020-08-04T11:22:42","guid":{"rendered":"https:\/\/flaxton-meadows.local\/alojamento\/cabines-de-luxo-em-madeira\/"},"modified":"2023-01-31T14:45:03","modified_gmt":"2023-01-31T14:45:03","slug":"cabines-de-luxo-em-madeira","status":"publish","type":"page","link":"https:\/\/flaxtonmeadows.co.uk\/pt-pt\/alojamento\/cabines-de-luxo-em-madeira\/","title":{"rendered":"Cabines de Luxo em Madeira"},"content":{"rendered":"","protected":false},"excerpt":{"rendered":"","protected":false},"author":1,"featured_media":0,"parent":2965,"menu_order":0,"comment_status":"closed","ping_status":"closed","template":"","meta":{"_acf_changed":false,"footnotes":""},"class_list":["post-3029","page","type-page","status-publish","hentry"],"acf":[],"yoast_head":"<!-- This site is optimized with the Yoast SEO plugin v26.5 - https:\/\/yoast.com\/wordpress\/plugins\/seo\/ -->\n<title>Lodges with Hot Tubs York | Hot Tubs York | Eco-Friendly Luxury Lodges In York<\/title>\n<meta name=\"description\" content=\"Os nossos alojamentos ecol\u00f3gicos com banheiras de hidromassagem privadas s\u00e3o feitos \u00e0 m\u00e3o e oferecem alojamento sustent\u00e1vel e luxuoso em York. Reserve hoje uma cabana de troncos de luxo.\" \/>\n<meta name=\"robots\" content=\"index, follow, max-snippet:-1, max-image-preview:large, max-video-preview:-1\" \/>\n<link rel=\"canonical\" href=\"https:\/\/flaxtonmeadows.co.uk\/pt-pt\/alojamento\/cabines-de-luxo-em-madeira\/\" \/>\n<meta property=\"og:locale\" content=\"pt_PT\" \/>\n<meta property=\"og:type\" content=\"article\" \/>\n<meta property=\"og:title\" content=\"Lodges with Hot Tubs York | Hot Tubs York | Eco-Friendly Luxury Lodges In York\" \/>\n<meta property=\"og:description\" content=\"Os nossos alojamentos ecol\u00f3gicos com banheiras de hidromassagem privadas s\u00e3o feitos \u00e0 m\u00e3o e oferecem alojamento sustent\u00e1vel e luxuoso em York. Reserve hoje uma cabana de troncos de luxo.\" \/>\n<meta property=\"og:url\" content=\"https:\/\/flaxtonmeadows.co.uk\/pt-pt\/alojamento\/cabines-de-luxo-em-madeira\/\" \/>\n<meta property=\"og:site_name\" content=\"Flaxton Meadows\" \/>\n<meta property=\"article:publisher\" content=\"https:\/\/www.facebook.com\/campingyork\" \/>\n<meta property=\"article:modified_time\" content=\"2023-01-31T14:45:03+00:00\" \/>\n<meta property=\"og:image\" content=\"https:\/\/flaxtonmeadows.co.uk\/wp-content\/uploads\/2020\/08\/flaxton-meadows-lodges2.jpg\" \/>\n\t<meta property=\"og:image:width\" content=\"960\" \/>\n\t<meta property=\"og:image:height\" content=\"489\" \/>\n\t<meta property=\"og:image:type\" content=\"image\/jpeg\" \/>\n<meta name=\"twitter:card\" content=\"summary_large_image\" \/>\n<!-- \/ Yoast SEO plugin. -->","yoast_head_json":{"title":"Lodges with Hot Tubs York | Hot Tubs York | Eco-Friendly Luxury Lodges In York","description":"Os nossos alojamentos ecol\u00f3gicos com banheiras de hidromassagem privadas s\u00e3o feitos \u00e0 m\u00e3o e oferecem alojamento sustent\u00e1vel e luxuoso em York. Reserve hoje uma cabana de troncos de luxo.","robots":{"index":"index","follow":"follow","max-snippet":"max-snippet:-1","max-image-preview":"max-image-preview:large","max-video-preview":"max-video-preview:-1"},"canonical":"https:\/\/flaxtonmeadows.co.uk\/pt-pt\/alojamento\/cabines-de-luxo-em-madeira\/","og_locale":"pt_PT","og_type":"article","og_title":"Lodges with Hot Tubs York | Hot Tubs York | Eco-Friendly Luxury Lodges In York","og_description":"Os nossos alojamentos ecol\u00f3gicos com banheiras de hidromassagem privadas s\u00e3o feitos \u00e0 m\u00e3o e oferecem alojamento sustent\u00e1vel e luxuoso em York. Reserve hoje uma cabana de troncos de luxo.","og_url":"https:\/\/flaxtonmeadows.co.uk\/pt-pt\/alojamento\/cabines-de-luxo-em-madeira\/","og_site_name":"Flaxton Meadows","article_publisher":"https:\/\/www.facebook.com\/campingyork","article_modified_time":"2023-01-31T14:45:03+00:00","og_image":[{"width":960,"height":489,"url":"https:\/\/flaxtonmeadows.co.uk\/wp-content\/uploads\/2020\/08\/flaxton-meadows-lodges2.jpg","type":"image\/jpeg"}],"twitter_card":"summary_large_image","schema":{"@context":"https:\/\/schema.org","@graph":[{"@type":"WebPage","@id":"https:\/\/flaxtonmeadows.co.uk\/pt-pt\/alojamento\/cabines-de-luxo-em-madeira\/","url":"https:\/\/flaxtonmeadows.co.uk\/pt-pt\/alojamento\/cabines-de-luxo-em-madeira\/","name":"Lodges with Hot Tubs York | Hot Tubs York | Eco-Friendly Luxury Lodges In York","isPartOf":{"@id":"https:\/\/flaxtonmeadows.co.uk\/pt-pt\/#website"},"datePublished":"2020-08-04T11:22:42+00:00","dateModified":"2023-01-31T14:45:03+00:00","description":"Os nossos alojamentos ecol\u00f3gicos com banheiras de hidromassagem privadas s\u00e3o feitos \u00e0 m\u00e3o e oferecem alojamento sustent\u00e1vel e luxuoso em York. Reserve hoje uma cabana de troncos de luxo.","breadcrumb":{"@id":"https:\/\/flaxtonmeadows.co.uk\/pt-pt\/alojamento\/cabines-de-luxo-em-madeira\/#breadcrumb"},"inLanguage":"pt-PT","potentialAction":[{"@type":"ReadAction","target":["https:\/\/flaxtonmeadows.co.uk\/pt-pt\/alojamento\/cabines-de-luxo-em-madeira\/"]}]},{"@type":"BreadcrumbList","@id":"https:\/\/flaxtonmeadows.co.uk\/pt-pt\/alojamento\/cabines-de-luxo-em-madeira\/#breadcrumb","itemListElement":[{"@type":"ListItem","position":1,"name":"Home","item":"https:\/\/flaxtonmeadows.co.uk\/pt-pt\/"},{"@type":"ListItem","position":2,"name":"Alojamento","item":"https:\/\/flaxtonmeadows.co.uk\/pt-pt\/alojamento\/"},{"@type":"ListItem","position":3,"name":"Cabines de Luxo em Madeira"}]},{"@type":"WebSite","@id":"https:\/\/flaxtonmeadows.co.uk\/pt-pt\/#website","url":"https:\/\/flaxtonmeadows.co.uk\/pt-pt\/","name":"Flaxton Meadows","description":"","publisher":{"@id":"https:\/\/flaxtonmeadows.co.uk\/pt-pt\/#organization"},"potentialAction":[{"@type":"SearchAction","target":{"@type":"EntryPoint","urlTemplate":"https:\/\/flaxtonmeadows.co.uk\/pt-pt\/?s={search_term_string}"},"query-input":{"@type":"PropertyValueSpecification","valueRequired":true,"valueName":"search_term_string"}}],"inLanguage":"pt-PT"},{"@type":"Organization","@id":"https:\/\/flaxtonmeadows.co.uk\/pt-pt\/#organization","name":"Flaxton Meadows","url":"https:\/\/flaxtonmeadows.co.uk\/pt-pt\/","logo":{"@type":"ImageObject","inLanguage":"pt-PT","@id":"https:\/\/flaxtonmeadows.co.uk\/pt-pt\/#\/schema\/logo\/image\/","url":"https:\/\/flaxtonmeadows.co.uk\/wp-content\/uploads\/2020\/08\/flaxton-meadows-logo.png","contentUrl":"https:\/\/flaxtonmeadows.co.uk\/wp-content\/uploads\/2020\/08\/flaxton-meadows-logo.png","width":200,"height":265,"caption":"Flaxton Meadows"},"image":{"@id":"https:\/\/flaxtonmeadows.co.uk\/pt-pt\/#\/schema\/logo\/image\/"},"sameAs":["https:\/\/www.facebook.com\/campingyork"]}]}},"_links":{"self":[{"href":"https:\/\/flaxtonmeadows.co.uk\/pt-pt\/wp-json\/wp\/v2\/pages\/3029","targetHints":{"allow":["GET"]}}],"collection":[{"href":"https:\/\/flaxtonmeadows.co.uk\/pt-pt\/wp-json\/wp\/v2\/pages"}],"about":[{"href":"https:\/\/flaxtonmeadows.co.uk\/pt-pt\/wp-json\/wp\/v2\/types\/page"}],"author":[{"embeddable":true,"href":"https:\/\/flaxtonmeadows.co.uk\/pt-pt\/wp-json\/wp\/v2\/users\/1"}],"replies":[{"embeddable":true,"href":"https:\/\/flaxtonmeadows.co.uk\/pt-pt\/wp-json\/wp\/v2\/comments?post=3029"}],"version-history":[{"count":0,"href":"https:\/\/flaxtonmeadows.co.uk\/pt-pt\/wp-json\/wp\/v2\/pages\/3029\/revisions"}],"up":[{"embeddable":true,"href":"https:\/\/flaxtonmeadows.co.uk\/pt-pt\/wp-json\/wp\/v2\/pages\/2965"}],"wp:attachment":[{"href":"https:\/\/flaxtonmeadows.co.uk\/pt-pt\/wp-json\/wp\/v2\/media?parent=3029"}],"curies":[{"name":"wp","href":"https:\/\/api.w.org\/{rel}","templated":true}]}}