{"id":3031,"date":"2020-08-04T12:22:21","date_gmt":"2020-08-04T11:22:21","guid":{"rendered":"https:\/\/flaxton-meadows.local\/o-que-nos-torna-eco\/"},"modified":"2023-01-31T14:45:11","modified_gmt":"2023-01-31T14:45:11","slug":"o-que-nos-torna-eco","status":"publish","type":"page","link":"https:\/\/flaxtonmeadows.co.uk\/pt-pt\/o-que-nos-torna-eco\/","title":{"rendered":"O que nos torna Eco"},"content":{"rendered":"","protected":false},"excerpt":{"rendered":"","protected":false},"author":1,"featured_media":0,"parent":0,"menu_order":0,"comment_status":"closed","ping_status":"closed","template":"","meta":{"_acf_changed":false,"footnotes":""},"class_list":["post-3031","page","type-page","status-publish","hentry"],"acf":[],"yoast_head":"<!-- This site is optimized with the Yoast SEO plugin v26.5 - https:\/\/yoast.com\/wordpress\/plugins\/seo\/ -->\n<title>O nosso Eco Campismo York | Camping &amp; Hot Tub Cabins sustent\u00e1veis<\/title>\n<meta name=\"description\" content=\"Saiba mais sobre o nosso parque de campismo ecol\u00f3gico e veja como apoiamos f\u00e9rias sustent\u00e1veis em York. Oferecemos campismo, campos de turismo e cabines de jacuzzi.\" \/>\n<meta name=\"robots\" content=\"index, follow, max-snippet:-1, max-image-preview:large, max-video-preview:-1\" \/>\n<link rel=\"canonical\" href=\"https:\/\/flaxtonmeadows.co.uk\/pt-pt\/o-que-nos-torna-eco\/\" \/>\n<meta property=\"og:locale\" content=\"pt_PT\" \/>\n<meta property=\"og:type\" content=\"article\" \/>\n<meta property=\"og:title\" content=\"O nosso Eco Campismo York | Camping &amp; Hot Tub Cabins sustent\u00e1veis\" \/>\n<meta property=\"og:description\" content=\"Saiba mais sobre o nosso parque de campismo ecol\u00f3gico e veja como apoiamos f\u00e9rias sustent\u00e1veis em York. Oferecemos campismo, campos de turismo e cabines de jacuzzi.\" \/>\n<meta property=\"og:url\" content=\"https:\/\/flaxtonmeadows.co.uk\/pt-pt\/o-que-nos-torna-eco\/\" \/>\n<meta property=\"og:site_name\" content=\"Flaxton Meadows\" \/>\n<meta property=\"article:publisher\" content=\"https:\/\/www.facebook.com\/campingyork\" \/>\n<meta property=\"article:modified_time\" content=\"2023-01-31T14:45:11+00:00\" \/>\n<meta property=\"og:image\" content=\"https:\/\/flaxtonmeadows.co.uk\/wp-content\/uploads\/2020\/08\/flaxton-meadows.jpg\" \/>\n<meta name=\"twitter:card\" content=\"summary_large_image\" \/>\n<!-- \/ Yoast SEO plugin. -->","yoast_head_json":{"title":"O nosso Eco Campismo York | Camping & Hot Tub Cabins sustent\u00e1veis","description":"Saiba mais sobre o nosso parque de campismo ecol\u00f3gico e veja como apoiamos f\u00e9rias sustent\u00e1veis em York. Oferecemos campismo, campos de turismo e cabines de jacuzzi.","robots":{"index":"index","follow":"follow","max-snippet":"max-snippet:-1","max-image-preview":"max-image-preview:large","max-video-preview":"max-video-preview:-1"},"canonical":"https:\/\/flaxtonmeadows.co.uk\/pt-pt\/o-que-nos-torna-eco\/","og_locale":"pt_PT","og_type":"article","og_title":"O nosso Eco Campismo York | Camping & Hot Tub Cabins sustent\u00e1veis","og_description":"Saiba mais sobre o nosso parque de campismo ecol\u00f3gico e veja como apoiamos f\u00e9rias sustent\u00e1veis em York. Oferecemos campismo, campos de turismo e cabines de jacuzzi.","og_url":"https:\/\/flaxtonmeadows.co.uk\/pt-pt\/o-que-nos-torna-eco\/","og_site_name":"Flaxton Meadows","article_publisher":"https:\/\/www.facebook.com\/campingyork","article_modified_time":"2023-01-31T14:45:11+00:00","og_image":[{"url":"https:\/\/flaxtonmeadows.co.uk\/wp-content\/uploads\/2020\/08\/flaxton-meadows.jpg","type":"","width":"","height":""}],"twitter_card":"summary_large_image","schema":{"@context":"https:\/\/schema.org","@graph":[{"@type":"WebPage","@id":"https:\/\/flaxtonmeadows.co.uk\/pt-pt\/o-que-nos-torna-eco\/","url":"https:\/\/flaxtonmeadows.co.uk\/pt-pt\/o-que-nos-torna-eco\/","name":"O nosso Eco Campismo York | Camping & Hot Tub Cabins sustent\u00e1veis","isPartOf":{"@id":"https:\/\/flaxtonmeadows.co.uk\/pt-pt\/#website"},"datePublished":"2020-08-04T11:22:21+00:00","dateModified":"2023-01-31T14:45:11+00:00","description":"Saiba mais sobre o nosso parque de campismo ecol\u00f3gico e veja como apoiamos f\u00e9rias sustent\u00e1veis em York. Oferecemos campismo, campos de turismo e cabines de jacuzzi.","breadcrumb":{"@id":"https:\/\/flaxtonmeadows.co.uk\/pt-pt\/o-que-nos-torna-eco\/#breadcrumb"},"inLanguage":"pt-PT","potentialAction":[{"@type":"ReadAction","target":["https:\/\/flaxtonmeadows.co.uk\/pt-pt\/o-que-nos-torna-eco\/"]}]},{"@type":"BreadcrumbList","@id":"https:\/\/flaxtonmeadows.co.uk\/pt-pt\/o-que-nos-torna-eco\/#breadcrumb","itemListElement":[{"@type":"ListItem","position":1,"name":"Home","item":"https:\/\/flaxtonmeadows.co.uk\/pt-pt\/"},{"@type":"ListItem","position":2,"name":"O que nos torna Eco"}]},{"@type":"WebSite","@id":"https:\/\/flaxtonmeadows.co.uk\/pt-pt\/#website","url":"https:\/\/flaxtonmeadows.co.uk\/pt-pt\/","name":"Flaxton Meadows","description":"","publisher":{"@id":"https:\/\/flaxtonmeadows.co.uk\/pt-pt\/#organization"},"potentialAction":[{"@type":"SearchAction","target":{"@type":"EntryPoint","urlTemplate":"https:\/\/flaxtonmeadows.co.uk\/pt-pt\/?s={search_term_string}"},"query-input":{"@type":"PropertyValueSpecification","valueRequired":true,"valueName":"search_term_string"}}],"inLanguage":"pt-PT"},{"@type":"Organization","@id":"https:\/\/flaxtonmeadows.co.uk\/pt-pt\/#organization","name":"Flaxton Meadows","url":"https:\/\/flaxtonmeadows.co.uk\/pt-pt\/","logo":{"@type":"ImageObject","inLanguage":"pt-PT","@id":"https:\/\/flaxtonmeadows.co.uk\/pt-pt\/#\/schema\/logo\/image\/","url":"https:\/\/flaxtonmeadows.co.uk\/wp-content\/uploads\/2020\/08\/flaxton-meadows-logo.png","contentUrl":"https:\/\/flaxtonmeadows.co.uk\/wp-content\/uploads\/2020\/08\/flaxton-meadows-logo.png","width":200,"height":265,"caption":"Flaxton Meadows"},"image":{"@id":"https:\/\/flaxtonmeadows.co.uk\/pt-pt\/#\/schema\/logo\/image\/"},"sameAs":["https:\/\/www.facebook.com\/campingyork"]}]}},"_links":{"self":[{"href":"https:\/\/flaxtonmeadows.co.uk\/pt-pt\/wp-json\/wp\/v2\/pages\/3031","targetHints":{"allow":["GET"]}}],"collection":[{"href":"https:\/\/flaxtonmeadows.co.uk\/pt-pt\/wp-json\/wp\/v2\/pages"}],"about":[{"href":"https:\/\/flaxtonmeadows.co.uk\/pt-pt\/wp-json\/wp\/v2\/types\/page"}],"author":[{"embeddable":true,"href":"https:\/\/flaxtonmeadows.co.uk\/pt-pt\/wp-json\/wp\/v2\/users\/1"}],"replies":[{"embeddable":true,"href":"https:\/\/flaxtonmeadows.co.uk\/pt-pt\/wp-json\/wp\/v2\/comments?post=3031"}],"version-history":[{"count":0,"href":"https:\/\/flaxtonmeadows.co.uk\/pt-pt\/wp-json\/wp\/v2\/pages\/3031\/revisions"}],"wp:attachment":[{"href":"https:\/\/flaxtonmeadows.co.uk\/pt-pt\/wp-json\/wp\/v2\/media?parent=3031"}],"curies":[{"name":"wp","href":"https:\/\/api.w.org\/{rel}","templated":true}]}}