{"id":3023,"date":"2020-08-04T12:23:07","date_gmt":"2020-08-04T11:23:07","guid":{"rendered":"https:\/\/flaxton-meadows.local\/boende\/turistplatser\/"},"modified":"2020-08-04T12:23:07","modified_gmt":"2020-08-04T11:23:07","slug":"turistplatser","status":"publish","type":"page","link":"https:\/\/flaxtonmeadows.co.uk\/sv\/boende\/turistplatser\/","title":{"rendered":"Turistplatser"},"content":{"rendered":"","protected":false},"excerpt":{"rendered":"","protected":false},"author":1,"featured_media":0,"parent":2966,"menu_order":0,"comment_status":"closed","ping_status":"closed","template":"","meta":{"_acf_changed":false,"footnotes":""},"class_list":["post-3023","page","type-page","status-publish","hentry"],"acf":[],"yoast_head":"<!-- This site is optimized with the Yoast SEO plugin v26.5 - https:\/\/yoast.com\/wordpress\/plugins\/seo\/ -->\n<title>Husvagnsplats York | Rymliga h\u00e5rdplastplatser f\u00f6r husbilar<\/title>\n<meta name=\"description\" content=\"Flaxton Meadows har fasta platser f\u00f6r husvagnar, husbilar och campare. L\u00e4s mer om v\u00e5r ekologiska husvagnsplats i York idag.\" \/>\n<meta name=\"robots\" content=\"index, follow, max-snippet:-1, max-image-preview:large, max-video-preview:-1\" \/>\n<link rel=\"canonical\" href=\"https:\/\/flaxtonmeadows.co.uk\/sv\/boende\/turistplatser\/\" \/>\n<meta property=\"og:locale\" content=\"sv_SE\" \/>\n<meta property=\"og:type\" content=\"article\" \/>\n<meta property=\"og:title\" content=\"Husvagnsplats York | Rymliga h\u00e5rdplastplatser f\u00f6r husbilar\" \/>\n<meta property=\"og:description\" content=\"Flaxton Meadows har fasta platser f\u00f6r husvagnar, husbilar och campare. L\u00e4s mer om v\u00e5r ekologiska husvagnsplats i York idag.\" \/>\n<meta property=\"og:url\" content=\"https:\/\/flaxtonmeadows.co.uk\/sv\/boende\/turistplatser\/\" \/>\n<meta property=\"og:site_name\" content=\"Flaxton Meadows\" \/>\n<meta property=\"article:publisher\" content=\"https:\/\/www.facebook.com\/campingyork\" \/>\n<meta property=\"og:image\" content=\"https:\/\/flaxtonmeadows.co.uk\/wp-content\/uploads\/2020\/08\/flaxton-meadows-lodges2.jpg\" \/>\n\t<meta property=\"og:image:width\" content=\"960\" \/>\n\t<meta property=\"og:image:height\" content=\"489\" \/>\n\t<meta property=\"og:image:type\" content=\"image\/jpeg\" \/>\n<meta name=\"twitter:card\" content=\"summary_large_image\" \/>\n<!-- \/ Yoast SEO plugin. -->","yoast_head_json":{"title":"Husvagnsplats York | Rymliga h\u00e5rdplastplatser f\u00f6r husbilar","description":"Flaxton Meadows har fasta platser f\u00f6r husvagnar, husbilar och campare. L\u00e4s mer om v\u00e5r ekologiska husvagnsplats i York idag.","robots":{"index":"index","follow":"follow","max-snippet":"max-snippet:-1","max-image-preview":"max-image-preview:large","max-video-preview":"max-video-preview:-1"},"canonical":"https:\/\/flaxtonmeadows.co.uk\/sv\/boende\/turistplatser\/","og_locale":"sv_SE","og_type":"article","og_title":"Husvagnsplats York | Rymliga h\u00e5rdplastplatser f\u00f6r husbilar","og_description":"Flaxton Meadows har fasta platser f\u00f6r husvagnar, husbilar och campare. L\u00e4s mer om v\u00e5r ekologiska husvagnsplats i York idag.","og_url":"https:\/\/flaxtonmeadows.co.uk\/sv\/boende\/turistplatser\/","og_site_name":"Flaxton Meadows","article_publisher":"https:\/\/www.facebook.com\/campingyork","og_image":[{"width":960,"height":489,"url":"https:\/\/flaxtonmeadows.co.uk\/wp-content\/uploads\/2020\/08\/flaxton-meadows-lodges2.jpg","type":"image\/jpeg"}],"twitter_card":"summary_large_image","schema":{"@context":"https:\/\/schema.org","@graph":[{"@type":"WebPage","@id":"https:\/\/flaxtonmeadows.co.uk\/sv\/boende\/turistplatser\/","url":"https:\/\/flaxtonmeadows.co.uk\/sv\/boende\/turistplatser\/","name":"Husvagnsplats York | Rymliga h\u00e5rdplastplatser f\u00f6r husbilar","isPartOf":{"@id":"https:\/\/flaxtonmeadows.co.uk\/sv\/#website"},"datePublished":"2020-08-04T11:23:07+00:00","description":"Flaxton Meadows har fasta platser f\u00f6r husvagnar, husbilar och campare. L\u00e4s mer om v\u00e5r ekologiska husvagnsplats i York idag.","breadcrumb":{"@id":"https:\/\/flaxtonmeadows.co.uk\/sv\/boende\/turistplatser\/#breadcrumb"},"inLanguage":"sv-SE","potentialAction":[{"@type":"ReadAction","target":["https:\/\/flaxtonmeadows.co.uk\/sv\/boende\/turistplatser\/"]}]},{"@type":"BreadcrumbList","@id":"https:\/\/flaxtonmeadows.co.uk\/sv\/boende\/turistplatser\/#breadcrumb","itemListElement":[{"@type":"ListItem","position":1,"name":"Home","item":"https:\/\/flaxtonmeadows.co.uk\/sv\/"},{"@type":"ListItem","position":2,"name":"Boende","item":"https:\/\/flaxtonmeadows.co.uk\/sv\/boende\/"},{"@type":"ListItem","position":3,"name":"Turistplatser"}]},{"@type":"WebSite","@id":"https:\/\/flaxtonmeadows.co.uk\/sv\/#website","url":"https:\/\/flaxtonmeadows.co.uk\/sv\/","name":"Flaxton Meadows","description":"","publisher":{"@id":"https:\/\/flaxtonmeadows.co.uk\/sv\/#organization"},"potentialAction":[{"@type":"SearchAction","target":{"@type":"EntryPoint","urlTemplate":"https:\/\/flaxtonmeadows.co.uk\/sv\/?s={search_term_string}"},"query-input":{"@type":"PropertyValueSpecification","valueRequired":true,"valueName":"search_term_string"}}],"inLanguage":"sv-SE"},{"@type":"Organization","@id":"https:\/\/flaxtonmeadows.co.uk\/sv\/#organization","name":"Flaxton Meadows","url":"https:\/\/flaxtonmeadows.co.uk\/sv\/","logo":{"@type":"ImageObject","inLanguage":"sv-SE","@id":"https:\/\/flaxtonmeadows.co.uk\/sv\/#\/schema\/logo\/image\/","url":"https:\/\/flaxtonmeadows.co.uk\/wp-content\/uploads\/2020\/08\/flaxton-meadows-logo.png","contentUrl":"https:\/\/flaxtonmeadows.co.uk\/wp-content\/uploads\/2020\/08\/flaxton-meadows-logo.png","width":200,"height":265,"caption":"Flaxton Meadows"},"image":{"@id":"https:\/\/flaxtonmeadows.co.uk\/sv\/#\/schema\/logo\/image\/"},"sameAs":["https:\/\/www.facebook.com\/campingyork"]}]}},"_links":{"self":[{"href":"https:\/\/flaxtonmeadows.co.uk\/sv\/wp-json\/wp\/v2\/pages\/3023","targetHints":{"allow":["GET"]}}],"collection":[{"href":"https:\/\/flaxtonmeadows.co.uk\/sv\/wp-json\/wp\/v2\/pages"}],"about":[{"href":"https:\/\/flaxtonmeadows.co.uk\/sv\/wp-json\/wp\/v2\/types\/page"}],"author":[{"embeddable":true,"href":"https:\/\/flaxtonmeadows.co.uk\/sv\/wp-json\/wp\/v2\/users\/1"}],"replies":[{"embeddable":true,"href":"https:\/\/flaxtonmeadows.co.uk\/sv\/wp-json\/wp\/v2\/comments?post=3023"}],"version-history":[{"count":0,"href":"https:\/\/flaxtonmeadows.co.uk\/sv\/wp-json\/wp\/v2\/pages\/3023\/revisions"}],"up":[{"embeddable":true,"href":"https:\/\/flaxtonmeadows.co.uk\/sv\/wp-json\/wp\/v2\/pages\/2966"}],"wp:attachment":[{"href":"https:\/\/flaxtonmeadows.co.uk\/sv\/wp-json\/wp\/v2\/media?parent=3023"}],"curies":[{"name":"wp","href":"https:\/\/api.w.org\/{rel}","templated":true}]}}